{"id":1340,"date":"2021-07-08T10:37:12","date_gmt":"2021-07-08T10:37:12","guid":{"rendered":"https:\/\/dl.ankepohl.com\/?page_id=1340"},"modified":"2021-09-13T08:56:45","modified_gmt":"2021-09-13T06:56:45","slug":"impressum","status":"publish","type":"page","link":"https:\/\/aynaanalytics.com\/en\/impressum\/","title":{"rendered":"Imprint"},"content":{"rendered":"<div data-elementor-type=\"wp-page\" data-elementor-id=\"1340\" class=\"elementor elementor-1340\" data-elementor-post-type=\"page\">\n\t\t\t\t\t\t\t\t\t<section class=\"elementor-section elementor-top-section elementor-element elementor-element-179299cd elementor-section-stretched elementor-section-boxed elementor-section-height-default elementor-section-height-default\" data-id=\"179299cd\" data-element_type=\"section\" data-settings=\"{&quot;background_background&quot;:&quot;classic&quot;,&quot;stretch_section&quot;:&quot;section-stretched&quot;,&quot;_ha_eqh_enable&quot;:false}\">\n\t\t\t\t\t\t\t<div class=\"elementor-background-overlay\"><\/div>\n\t\t\t\t\t\t\t<div class=\"elementor-container elementor-column-gap-default\">\n\t\t\t\t\t<div class=\"elementor-column elementor-col-100 elementor-top-column elementor-element elementor-element-23b34143\" data-id=\"23b34143\" data-element_type=\"column\">\n\t\t\t<div class=\"elementor-widget-wrap elementor-element-populated\">\n\t\t\t\t\t\t\t\t<div class=\"elementor-element elementor-element-37a144ca elementor-widget elementor-widget-heading\" data-id=\"37a144ca\" data-element_type=\"widget\" data-widget_type=\"heading.default\">\n\t\t\t\t<div class=\"elementor-widget-container\">\n\t\t\t<h2 class=\"elementor-heading-title elementor-size-default\">Imprint<\/h2>\t\t<\/div>\n\t\t\t\t<\/div>\n\t\t\t\t<div class=\"elementor-element elementor-element-2ea09d0f elementor-widget elementor-widget-text-editor\" data-id=\"2ea09d0f\" data-element_type=\"widget\" data-widget_type=\"text-editor.default\">\n\t\t\t\t<div class=\"elementor-widget-container\">\n\t\t\t\t\t\t\t<p class=\"font_8\">Beachten Sie bitte die folgenden rechtlichen Hinweise.<\/p><p class=\"font_8\"><strong>Company<\/strong><br \/>Ayna Analytics GmbH<\/p><p class=\"font_8\"><strong>Handelsregister<br \/><\/strong>Sitz Potsdam<br \/>Amtsgericht Potsdam HRB 33505<\/p><p class=\"font_8\"><strong>Umsatzsteuer-ID<br \/><\/strong>DE328509324<\/p><p class=\"font_8\"><strong>Anschrift<\/strong><br \/>Ayna Analytics GmbH<br \/>Teerofendamm 3, 14532 Kleinmachnow<\/p><p class=\"font_8\"><strong>Phone<br \/><\/strong>033203 326100<\/p><p><strong>E-Mail<\/strong><\/p><p class=\"font_8\"><object width=\"300\" height=\"0\" data-mce-fragment=\"1\"><a data-auto-recognition=\"true\" href=\"mailto:info@aynaanalytics.com\">info@aynaanalytics.com<\/a><\/object><\/p><p><strong>Gesch\u00e4ftsf\u00fchrung<\/strong><br \/>Laura Rodr\u00edguez Garc\u00eda, David Mainka<\/p><p class=\"font_8\"><strong>Verantwortlicher nach \u00a7\u00a05 TMG<\/strong><br \/>Ayna Analytics GmbH<\/p><p class=\"font_8\"><strong>Haftungsausschluss<\/strong><\/p><p class=\"font_8\">1. Haftungsbeschr\u00e4nkung<\/p><p class=\"font_8\">Als Diensteanbieter ist der Anbieter dieser Webseite gem\u00e4\u00df \u00a7 7 Abs. 1 TMG f\u00fcr eigene Inhalte und bereitgestellte Informationen auf diesen Seiten nach den allgemeinen Gesetzen verantwortlich; nach den \u00a7\u00a7 8 bis 10 TMG jedoch nicht verpflichtet, die \u00fcbermittelten oder gespeicherten fremden Informationen zu \u00fcberwachen. Eine Entfernung oder Sperrung dieser Inhalte erfolgt umgehend ab dem Zeitpunkt der Kenntnis einer konkreten Rechtsverletzung.<\/p><p>2. Urheberrecht\/Leistungsschutzrecht<\/p><p class=\"font_8\">Die auf dieser Webseite ver\u00f6ffentlichten Inhalte, Werke und bereitgestellten Informationen k\u00f6nnen dem deutschen Urheberrecht und Leistungsschutzrecht unterliegen. Jede Art der Vervielf\u00e4ltigung, Bearbeitung, Verbreitung, Einspeicherung und jede Art der Verwertung au\u00dferhalb der Grenzen des Urheberrechts bedarf der vorherigen schriftlichen Zustimmung des jeweiligen Rechteinhabers. Das unerlaubte Kopieren\/Speichern der bereitgestellten und gesch\u00fctzten Informationen auf diesen Webseiten ist nicht gestattet und kann strafbar sein.<\/p><p>3. Streitschlichtung<\/p><p class=\"font_8\">Plattform der EU-Kommission zur Online-Streitbeilegung:<br \/><a href=\"http:\/\/www.ec.europa.eu\/consumers\/odr\">www.ec.europa.eu\/consumers\/odr<\/a>.<\/p><p class=\"font_8\">Wir sind weder bereit noch verpflichtet, an einem Streitbeilegungsverfahren vor einer Verbraucherschlichtungsstelle teilzunehmen.<\/p><p><strong>Bildnachweise<br \/><\/strong>Lizenziert durch Adobe Stock und 123rf.<\/p>\t\t\t\t\t\t<\/div>\n\t\t\t\t<\/div>\n\t\t\t\t\t<\/div>\n\t\t<\/div>\n\t\t\t\t\t\t\t<\/div>\n\t\t<\/section>\n\t\t\t\t\t\t\t<\/div>","protected":false},"excerpt":{"rendered":"<p>Impressum Beachten Sie bitte die folgenden rechtlichen Hinweise. UnternehmenAyna Analytics GmbH HandelsregisterSitz PotsdamAmtsgericht Potsdam HRB 33505 Umsatzsteuer-IDDE328509324 AnschriftAyna Analytics GmbHTeerofendamm 3, 14532 Kleinmachnow Telefon033203 326100 E-Mail info@aynaanalytics.com Gesch\u00e4ftsf\u00fchrungLaura Rodr\u00edguez Garc\u00eda, David Mainka Verantwortlicher nach \u00a7\u00a05 TMGAyna Analytics GmbH Haftungsausschluss 1. Haftungsbeschr\u00e4nkung Als Diensteanbieter ist der Anbieter dieser Webseite gem\u00e4\u00df \u00a7 7 Abs. 1 TMG f\u00fcr &hellip;<\/p>\n<p class=\"read-more\"> <a class=\"\" href=\"https:\/\/aynaanalytics.com\/en\/impressum\/\"> <span class=\"screen-reader-text\">Imprint<\/span> Read More &raquo;<\/a><\/p>","protected":false},"author":1,"featured_media":0,"parent":0,"menu_order":0,"comment_status":"closed","ping_status":"closed","template":"","meta":{"site-sidebar-layout":"no-sidebar","site-content-layout":"page-builder","ast-global-header-display":"","ast-banner-title-visibility":"","ast-main-header-display":"","ast-hfb-above-header-display":"","ast-hfb-below-header-display":"","ast-hfb-mobile-header-display":"","site-post-title":"disabled","ast-breadcrumbs-content":"","ast-featured-img":"disabled","footer-sml-layout":"","theme-transparent-header-meta":"default","adv-header-id-meta":"","stick-header-meta":"","header-above-stick-meta":"","header-main-stick-meta":"","header-below-stick-meta":"","footnotes":""},"yoast_head":"<!-- This site is optimized with the Yoast SEO plugin v21.3 - https:\/\/yoast.com\/wordpress\/plugins\/seo\/ -->\n<title>Impressum - Ayna Analytics<\/title>\n<meta name=\"robots\" content=\"index, follow, max-snippet:-1, max-image-preview:large, max-video-preview:-1\" \/>\n<link rel=\"canonical\" href=\"https:\/\/aynaanalytics.com\/en\/impressum\/\" \/>\n<meta property=\"og:locale\" content=\"en_GB\" \/>\n<meta property=\"og:type\" content=\"article\" \/>\n<meta property=\"og:title\" content=\"Impressum - Ayna Analytics\" \/>\n<meta property=\"og:description\" content=\"Impressum Beachten Sie bitte die folgenden rechtlichen Hinweise. UnternehmenAyna Analytics GmbH HandelsregisterSitz PotsdamAmtsgericht Potsdam HRB 33505 Umsatzsteuer-IDDE328509324 AnschriftAyna Analytics GmbHTeerofendamm 3, 14532 Kleinmachnow Telefon033203 326100 E-Mail info@aynaanalytics.com Gesch\u00e4ftsf\u00fchrungLaura Rodr\u00edguez Garc\u00eda, David Mainka Verantwortlicher nach \u00a7\u00a05 TMGAyna Analytics GmbH Haftungsausschluss 1. Haftungsbeschr\u00e4nkung Als Diensteanbieter ist der Anbieter dieser Webseite gem\u00e4\u00df \u00a7 7 Abs. 1 TMG f\u00fcr &hellip; Impressum Read More &raquo;\" \/>\n<meta property=\"og:url\" content=\"https:\/\/aynaanalytics.com\/en\/impressum\/\" \/>\n<meta property=\"og:site_name\" content=\"Ayna Analytics\" \/>\n<meta property=\"article:modified_time\" content=\"2021-09-13T06:56:45+00:00\" \/>\n<meta name=\"twitter:card\" content=\"summary_large_image\" \/>\n<meta name=\"twitter:label1\" content=\"Estimated reading time\" \/>\n\t<meta name=\"twitter:data1\" content=\"1 minute\" \/>\n<script type=\"application\/ld+json\" class=\"yoast-schema-graph\">{\"@context\":\"https:\/\/schema.org\",\"@graph\":[{\"@type\":\"WebPage\",\"@id\":\"https:\/\/aynaanalytics.com\/impressum\/\",\"url\":\"https:\/\/aynaanalytics.com\/impressum\/\",\"name\":\"Impressum - Ayna Analytics\",\"isPartOf\":{\"@id\":\"https:\/\/aynaanalytics.com\/#website\"},\"datePublished\":\"2021-07-08T10:37:12+00:00\",\"dateModified\":\"2021-09-13T06:56:45+00:00\",\"breadcrumb\":{\"@id\":\"https:\/\/aynaanalytics.com\/impressum\/#breadcrumb\"},\"inLanguage\":\"en-GB\",\"potentialAction\":[{\"@type\":\"ReadAction\",\"target\":[\"https:\/\/aynaanalytics.com\/impressum\/\"]}]},{\"@type\":\"BreadcrumbList\",\"@id\":\"https:\/\/aynaanalytics.com\/impressum\/#breadcrumb\",\"itemListElement\":[{\"@type\":\"ListItem\",\"position\":1,\"name\":\"Home\",\"item\":\"https:\/\/aynaanalytics.com\/\"},{\"@type\":\"ListItem\",\"position\":2,\"name\":\"Impressum\"}]},{\"@type\":\"WebSite\",\"@id\":\"https:\/\/aynaanalytics.com\/#website\",\"url\":\"https:\/\/aynaanalytics.com\/\",\"name\":\"Ayna Analytics\",\"description\":\"\",\"potentialAction\":[{\"@type\":\"SearchAction\",\"target\":{\"@type\":\"EntryPoint\",\"urlTemplate\":\"https:\/\/aynaanalytics.com\/?s={search_term_string}\"},\"query-input\":\"required name=search_term_string\"}],\"inLanguage\":\"en-GB\"}]}<\/script>\n<!-- \/ Yoast SEO plugin. -->","yoast_head_json":{"title":"Impressum - Ayna Analytics","robots":{"index":"index","follow":"follow","max-snippet":"max-snippet:-1","max-image-preview":"max-image-preview:large","max-video-preview":"max-video-preview:-1"},"canonical":"https:\/\/aynaanalytics.com\/en\/impressum\/","og_locale":"en_GB","og_type":"article","og_title":"Impressum - Ayna Analytics","og_description":"Impressum Beachten Sie bitte die folgenden rechtlichen Hinweise. UnternehmenAyna Analytics GmbH HandelsregisterSitz PotsdamAmtsgericht Potsdam HRB 33505 Umsatzsteuer-IDDE328509324 AnschriftAyna Analytics GmbHTeerofendamm 3, 14532 Kleinmachnow Telefon033203 326100 E-Mail info@aynaanalytics.com Gesch\u00e4ftsf\u00fchrungLaura Rodr\u00edguez Garc\u00eda, David Mainka Verantwortlicher nach \u00a7\u00a05 TMGAyna Analytics GmbH Haftungsausschluss 1. Haftungsbeschr\u00e4nkung Als Diensteanbieter ist der Anbieter dieser Webseite gem\u00e4\u00df \u00a7 7 Abs. 1 TMG f\u00fcr &hellip; Impressum Read More &raquo;","og_url":"https:\/\/aynaanalytics.com\/en\/impressum\/","og_site_name":"Ayna Analytics","article_modified_time":"2021-09-13T06:56:45+00:00","twitter_card":"summary_large_image","twitter_misc":{"Estimated reading time":"1 minute"},"schema":{"@context":"https:\/\/schema.org","@graph":[{"@type":"WebPage","@id":"https:\/\/aynaanalytics.com\/impressum\/","url":"https:\/\/aynaanalytics.com\/impressum\/","name":"Impressum - Ayna Analytics","isPartOf":{"@id":"https:\/\/aynaanalytics.com\/#website"},"datePublished":"2021-07-08T10:37:12+00:00","dateModified":"2021-09-13T06:56:45+00:00","breadcrumb":{"@id":"https:\/\/aynaanalytics.com\/impressum\/#breadcrumb"},"inLanguage":"en-GB","potentialAction":[{"@type":"ReadAction","target":["https:\/\/aynaanalytics.com\/impressum\/"]}]},{"@type":"BreadcrumbList","@id":"https:\/\/aynaanalytics.com\/impressum\/#breadcrumb","itemListElement":[{"@type":"ListItem","position":1,"name":"Home","item":"https:\/\/aynaanalytics.com\/"},{"@type":"ListItem","position":2,"name":"Impressum"}]},{"@type":"WebSite","@id":"https:\/\/aynaanalytics.com\/#website","url":"https:\/\/aynaanalytics.com\/","name":"Ayna Analytics","description":"","potentialAction":[{"@type":"SearchAction","target":{"@type":"EntryPoint","urlTemplate":"https:\/\/aynaanalytics.com\/?s={search_term_string}"},"query-input":"required name=search_term_string"}],"inLanguage":"en-GB"}]}},"_links":{"self":[{"href":"https:\/\/aynaanalytics.com\/en\/wp-json\/wp\/v2\/pages\/1340"}],"collection":[{"href":"https:\/\/aynaanalytics.com\/en\/wp-json\/wp\/v2\/pages"}],"about":[{"href":"https:\/\/aynaanalytics.com\/en\/wp-json\/wp\/v2\/types\/page"}],"author":[{"embeddable":true,"href":"https:\/\/aynaanalytics.com\/en\/wp-json\/wp\/v2\/users\/1"}],"replies":[{"embeddable":true,"href":"https:\/\/aynaanalytics.com\/en\/wp-json\/wp\/v2\/comments?post=1340"}],"version-history":[{"count":19,"href":"https:\/\/aynaanalytics.com\/en\/wp-json\/wp\/v2\/pages\/1340\/revisions"}],"predecessor-version":[{"id":3419,"href":"https:\/\/aynaanalytics.com\/en\/wp-json\/wp\/v2\/pages\/1340\/revisions\/3419"}],"wp:attachment":[{"href":"https:\/\/aynaanalytics.com\/en\/wp-json\/wp\/v2\/media?parent=1340"}],"curies":[{"name":"wp","href":"https:\/\/api.w.org\/{rel}","templated":true}]}}