{"id":1342,"date":"2021-07-08T10:38:10","date_gmt":"2021-07-08T10:38:10","guid":{"rendered":"https:\/\/dl.ankepohl.com\/?page_id=1342"},"modified":"2021-09-13T13:05:04","modified_gmt":"2021-09-13T11:05:04","slug":"datenschutz","status":"publish","type":"page","link":"https:\/\/aynaanalytics.com\/en\/datenschutz\/","title":{"rendered":"Privacy"},"content":{"rendered":"<div data-elementor-type=\"wp-page\" data-elementor-id=\"1342\" class=\"elementor elementor-1342\" data-elementor-post-type=\"page\">\n\t\t\t\t\t\t\t\t\t<section class=\"elementor-section elementor-top-section elementor-element elementor-element-71048b7 elementor-section-stretched elementor-section-boxed elementor-section-height-default elementor-section-height-default\" data-id=\"71048b7\" data-element_type=\"section\" data-settings=\"{&quot;background_background&quot;:&quot;classic&quot;,&quot;stretch_section&quot;:&quot;section-stretched&quot;,&quot;_ha_eqh_enable&quot;:false}\">\n\t\t\t\t\t\t\t<div class=\"elementor-background-overlay\"><\/div>\n\t\t\t\t\t\t\t<div class=\"elementor-container elementor-column-gap-default\">\n\t\t\t\t\t<div class=\"elementor-column elementor-col-100 elementor-top-column elementor-element elementor-element-5ad51708\" data-id=\"5ad51708\" data-element_type=\"column\">\n\t\t\t<div class=\"elementor-widget-wrap elementor-element-populated\">\n\t\t\t\t\t\t\t\t<div class=\"elementor-element elementor-element-2610dba6 elementor-widget elementor-widget-heading\" data-id=\"2610dba6\" data-element_type=\"widget\" data-widget_type=\"heading.default\">\n\t\t\t\t<div class=\"elementor-widget-container\">\n\t\t\t<h2 class=\"elementor-heading-title elementor-size-default\">Datenschutzerkl\u00e4rung<\/h2>\t\t<\/div>\n\t\t\t\t<\/div>\n\t\t\t\t<div class=\"elementor-element elementor-element-2815101b elementor-widget elementor-widget-text-editor\" data-id=\"2815101b\" data-element_type=\"widget\" data-widget_type=\"text-editor.default\">\n\t\t\t\t<div class=\"elementor-widget-container\">\n\t\t\t\t\t\t\t<p>Den Schutz personenbezogener Daten nehmen wir sehr ernst. Im Folgenden informieren wir \u00fcber die Erhebung personenbezogener Daten bei Nutzung unserer Webseite und Kontaktaufnahme mit uns.<\/p><p><strong>1. Name und Kontaktdaten des f\u00fcr die Verarbeitung Verantwortlichen sowie des betrieblichen Datenschutzbeauftragten<\/strong><\/p><p>Diese Datenschutz-Information gilt f\u00fcr die Datenverarbeitung durch<\/p><p>Ayna Analytics GmbH, <br \/>vertreten durch die Gesch\u00e4ftsf\u00fchrer Laura Rodr\u00edguez Garc\u00eda und David Mainka, <br \/>Teerofendamm 3, 14532 Kleinmachnow, Deutschland,<br \/>E-Mail: info@aynaanalytics.com, Telefon: +49 (0) 33203 326100.<\/p><p>Unser(e) betriebliche(r) Datenschutzbeauftragte(r), Herr David Mainka, <br \/>ist erreichbar unter (Teerofendamm 3, 14532 Kleinmachnow,\u00a0).<\/p><p><strong>2. Erhebung und Speicherung personenbezogener Daten \/ Art und Zweck ihrer Verwendung<\/strong><\/p><p>a) Bei Aufruf unserer Webseite an uns \u00fcbermittelte Daten und Informationen<\/p><p>Beim Aufrufen unserer Webseite werden durch den auf Ihrem Endger\u00e4t eingesetzten Browser ggf. automatisch Informationen an den Server unserer Webseite gesendet. Diese Informationen werden allenfalls tempor\u00e4r in einem sog. Logfile gespeichert.<\/p><p>Folgende Informationen werden dabei ohne Ihr Zutun erfasst und bis zur automatisierten L\u00f6schung gespeichert:<\/p><ul><li>IP-Adresse des anfragenden Rechners,<\/li><li>Datum und Uhrzeit des Zugriffs,<\/li><li>Name und URL der abgerufenen Datei,<\/li><li>Website, von der aus der Zugriff erfolgt (Referrer-URL),<\/li><li>verwendeter Browser und ggf. das Betriebssystem Ihres Rechners sowie der Name Ihres Access-Providers.<\/li><\/ul><p>Die genannten Daten werden durch uns ggf. zu folgenden Zwecken verarbeitet:<\/p><ul><li>Gew\u00e4hrleistung eines reibungslosen Verbindungsaufbaus der Website,<\/li><li>Gew\u00e4hrleistung einer komfortablen Nutzung unserer Website,<\/li><li>Auswertung der Systemsicherheit und -stabilit\u00e4t sowie<\/li><li>zu weiteren administrativen Zwecken.<\/li><\/ul><p>Die Rechtsgrundlage f\u00fcr diese Datenverarbeitung ist Art. 6 Abs. 1 S. 1 lit. f DSGVO.<\/p><p>Unser berechtigtes Interesse folgt aus oben aufgelisteten Zwecken zur Datenerhebung. In keinem Fall verwenden wir die erhobenen Daten zu dem Zweck, R\u00fcckschl\u00fcsse auf Ihre Person zu ziehen.<\/p><p>b) Analyse-\/Tracking-Ma\u00dfnahmen bei Nutzung unserer Webseite<\/p><p>Beim Aufrufen unserer Webseite\u00a0\u00a0werden die im Folgenden aufgef\u00fchrten und von uns eingesetzten Tracking-Ma\u00dfnahmen durchgef\u00fchrt.<\/p><p>Mit den zum Einsatz kommenden Tracking-Ma\u00dfnahmen wollen wir eine bedarfsgerechte Gestaltung und die fortlaufende Optimierung unserer Webseite sicherstellen. Zudem setzen wir die Tracking-Ma\u00dfnahmen ein, um die Nutzung unserer Webseite statistisch zu erfassen und zum Zwecke der Optimierung unseres Angebotes f\u00fcr Sie auszuwerten.<\/p><p>Die jeweiligen Datenverarbeitungszwecke und Datenkategorien sind den entsprechenden Tracking-Tools zu entnehmen.<\/p><p>Die Rechtsgrundlage f\u00fcr diese Datenverarbeitung ist Art. 6 Abs. 1 S. 1 lit. f DSGVO.<\/p><p>Unser berechtigtes Interesse folgt aus den jeweils aufgelisteten Zwecken zur Datenverarbeitung. In keinem Fall verwenden wir die erhobenen Daten zu dem Zweck, R\u00fcckschl\u00fcsse auf Ihre Person zu ziehen.<\/p><p>Dar\u00fcber hinaus setzen wir beim Besuch der Webseite Cookies ein. N\u00e4here Erl\u00e4uterungen dazu erhalten Sie unter den Ziff. 4 dieser Datenschutzerkl\u00e4rung.<\/p><p>(1) Visitor Analytics<\/p><p>Visitor Analytics ist ein einfacher Webseiten-Analysedienst, der den Datenverkehr auf unserer Webseite und allgemeine Informationen der Webseitenbesucher erfasst. Wir sammeln Statistiken, z. B. welche Seiten die Besucher besuchen, wann und wo sie sich ungef\u00e4hr befinden, wo auf der Webseite sie zuerst landen, oder ob sie von einem bestimmten Referrer kommen, um das Erlebnis f\u00fcr unsere Webseitenbesucher zu verbessern.<\/p><p>Als Webseitenbetreiber, der Visitor Analytics einsetzt, verarbeiten wir Informationen \u00fcber den Ger\u00e4tetyp und die Bildschirmgr\u00f6\u00dfe\/-aufl\u00f6sung unserer Besucher, den ungef\u00e4hren Standort, den Browser, das Betriebssystem, die IPs, die Seitenbesuche, die Absprungrate, die Konversionsraten, die Konversionstrichter, die durchschnittlichen Sitzungen pro Besucher, die durchschnittlichen Seiten pro Sitzung, die durchschnittliche Sitzungsdauer, die auf der Webseite verbrachte Zeit und die vorzugsweise besuchten Inhalte der Webseite. All diese Daten sind pseudonymisiert und Visitor Analytics verwendet die gesammelten Daten nicht dazu, einzelne Benutzer zu identifizieren oder die Daten mit zus\u00e4tzlichen Informationen \u00fcber einen einzelnen Benutzer abzugleichen.<\/p><p>Wir verwenden keine Cookies, um diese Daten zu sammeln. Stattdessen verwenden wir die sogenannte Fingerabdruck-Technologie, bei der keine Cookies, Dateien oder Technologien auf Ihrem Ger\u00e4t platziert werden m\u00fcssen. Die Fingerabdruckerfassung st\u00fctzt sich auf die technischen Eigenschaften Ihres Ger\u00e4ts und kombiniert diese, um Ihr Ger\u00e4t als einzigartiges Ger\u00e4t zu identifizieren und zuverl\u00e4ssige Analysen zu erm\u00f6glichen.<\/p><p>(2) Besucheraufzeichnungen (Visitor Recordings)<\/p><p>Besucheraufzeichnungen ist eine zus\u00e4tzliche Funktion von Visitor Analytics (oben beschrieben), in Form eines einfachen Webseiten-Wiedergabetools, das in Statistiken aufzeichnet, wohin unsere Webseitenbesucher gescrollt haben und worauf sie auf unserer Webseite geklickt haben. Wir k\u00f6nnen diese Informationen aggregiert in Wiedergaben und so genannten \u201eW\u00e4rmebildern\u201d bzw. Interaktionskarten sehen. Das Sammeln dieser Statistiken hilft uns, unsere Webseite benutzerfreundlicher zu gestalten sowie technische Fehler zu reproduzieren und zu beheben.<\/p><p>Grunds\u00e4tzlich verwenden wir als Webseitenbetreiber der Besucheraufzeichnungen verwendet, einen Ausschnitt eines Tracking-Codes, um Daten \u00fcber die Reise unserer Besucher auf unseren Webseiten zu sammeln, welche Unterseiten sie besuchen, worauf sie geklickt haben, wohin sie den Mauszeiger bewegt haben und wohin sie gescrollt haben. All diese Daten sind pseudonymisiert und Visitor Analytics verwendet die gesammelten Daten nicht dazu, einzelne Benutzer zu identifizieren oder sie mit zus\u00e4tzlichen Informationen \u00fcber einen einzelnen Benutzer abzugleichen.<\/p><p>c) Bei Kontaktaufnahme \u00fcber unser Kontaktformular sowie unsere E-Mail-Adresse<\/p><p>Bei Anliegen jeglicher Art bieten wir Ihnen die M\u00f6glichkeit, \u00fcber ein auf dieser Webseite bereitgestelltes Formular Kontakt aufzunehmen. Dabei ist die Angabe einer g\u00fcltigen E-Mail- Adresse erforderlich, damit wir wissen, von wem die Anfrage stammt und um diese beantworten zu k\u00f6nnen. Weitere Angaben k\u00f6nnen freiwillig get\u00e4tigt werden.<\/p><p>Die Datenverarbeitung zum Zwecke der Kontaktaufnahme mit uns erfolgt nach Art. 6 Abs. 1 S. 1 lit. A DSGVO auf Grundlage Ihrer freiwillig erteilten Einwilligung.<\/p><p>Die im Zuge Ihrer Kontaktaufnahme erhobenen personenbezogenen Daten werden nach Erledigung der von Ihnen gestellten Anfrage unverz\u00fcglich gel\u00f6scht.<\/p><p><strong>3. Weitergabe von Daten<\/strong><\/p><p>Eine \u00dcbermittlung Ihrer pers\u00f6nlichen Daten an Dritte zu anderen als den im Folgenden aufgef\u00fchrten Zwecken findet nicht statt.<\/p><p>Wir geben Ihre pers\u00f6nlichen Daten nur an Dritte weiter, wenn:<\/p><ul><li>Sie Ihre nach Art. 6 Abs. 1 S. 1 lit. a DSGVO ausdr\u00fcckliche Einwilligung dazu erteilt haben,<\/li><li>die Weitergabe nach Art. 6 Abs. 1 S. 1 lit. f DSGVO zur Geltendmachung, Aus\u00fcbung oder Verteidigung von Rechtsanspr\u00fcchen erforderlich ist und kein Grund zur Annahme besteht, dass Sie ein \u00fcberwiegendes schutzw\u00fcrdiges Interesse an der Nichtweitergabe Ihrer Daten haben,<\/li><li>f\u00fcr den Fall, dass f\u00fcr die Weitergabe nach Art. 6 Abs. 1 S. 1 lit. c DSGVO eine gesetzliche Verpflichtung besteht, sowie<\/li><li>dies gesetzlich zul\u00e4ssig und nach Art. 6 Abs. 1 S. 1 lit. b DSGVO f\u00fcr die Abwicklung von Vertragsverh\u00e4ltnissen mit Ihnen erforderlich ist.<\/li><\/ul><p><strong>4. Cookies<\/strong><\/p><p>Auf unserer Webseite setzen Cookies ein. Hierbei handelt es sich um kleine Dateien, die Ihr Browser automatisch erstellt und die auf Ihrem Endger\u00e4t (Laptop, Tablet, Smartphone o. \u00e4.) gespeichert werden, wenn Sie diese Webseite besuchen. Cookies richten auf Ihrem Endger\u00e4t keinen Schaden an, enthalten keine Viren, Trojaner oder sonstige Schadsoftware.<\/p><p>In dem Cookie werden Informationen abgelegt, die sich jeweils im Zusammenhang mit dem spezifisch eingesetzten Endger\u00e4t ergeben. Dies bedeutet jedoch nicht, dass wir dadurch unmittelbar Kenntnis von Ihrer Identit\u00e4t erhalten.<\/p><p>Der Einsatz von Cookies dient uns einerseits dazu, die Nutzung des Angebots f\u00fcr Sie angenehmer zu gestalten. Dazu setzen wir sogenannte Session-Cookies ein, um zu erkennen, dass Sie einzelne Seiten dieser Webseite bereits besucht haben. Diese werden nach Verlassen dieser Webseite automatisch gel\u00f6scht. Dar\u00fcber hinaus setzen wir ebenfalls zur Optimierung der Benutzerfreundlichkeit tempor\u00e4re Cookies ein, die f\u00fcr einen bestimmten festgelegten Zeitraum auf Ihrem Endger\u00e4t gespeichert werden. Besuchen Sie diese Webseite erneut, um unsere Dienste in Anspruch zu nehmen, wird automatisch erkannt, dass Sie bereits auf dieser Webseite waren und welche Eingaben und Einstellungen sie get\u00e4tigt haben, um diese nicht noch einmal eingeben zu m\u00fcssen.<\/p><p>Zum anderen setzen wir Cookies ein, um die Nutzung dieser Webseite statistisch zu erfassen und zum Zwecke der Optimierung unseres Angebots f\u00fcr Sie auszuwerten. Diese Cookies erm\u00f6glichen es uns, bei einem erneuten Besuch dieser Webseite automatisch zu erkennen, dass Sie bereits hier waren. Diese Cookies werden nach einer jeweils definierten Zeit automatisch gel\u00f6scht.<\/p><p>Die durch notwendige Cookies verarbeiteten Daten sind f\u00fcr die genannten Zwecke zur Wahrung unserer berechtigten Interessen sowie der Dritter nach Art. 6 Abs. 1 S. 1 lit. f DSGVO erforderlich. Cookies, die nicht technisch notwendig sind, werden nur mit Ihrer ausdr\u00fccklichen Einwilligung verwendet (Art. 6 Abs. 1 S. 1 lit. a DS-GVO).<\/p><p>Die meisten Browser akzeptieren Cookies automatisch. Sie k\u00f6nnen Ihren Browser jedoch so konfigurieren, dass keine Cookies auf Ihrem Computer gespeichert werden oder stets ein Hinweis erscheint, bevor ein neuer Cookie angelegt wird. Die vollst\u00e4ndige Deaktivierung von Cookies kann jedoch dazu f\u00fchren, dass Sie nicht alle Funktionen dieser Webseite nutzen k\u00f6nnen.<\/p><p>Weitere Informationen finden Sie in unserer Cookie-Richtlinie.<\/p><p><strong>5. Betroffenenrechte<\/strong><\/p><p>Das geltende Datenschutzrecht gew\u00e4hrt nat\u00fcrlichen Personen gegen\u00fcber dem Verantwortlichen hinsichtlich der Verarbeitung Ihrer personenbezogenen Daten umfassende Betroffenenrechte (Auskunfts- und Interventionsrechte). Sie haben das Recht:<\/p><ul><li>gem\u00e4\u00df Art. 15 DSGVO Auskunft \u00fcber Ihre von uns verarbeiteten personenbezogenen Daten zu verlangen. Insbesondere k\u00f6nnen Sie Auskunft \u00fcber die Verarbeitungszwecke, die Kategorie der personenbezogenen Daten, die Kategorien von Empf\u00e4ngern, gegen\u00fcber denen Ihre Daten offengelegt wurden oder werden, die geplante Speicherdauer, das Bestehen eines Rechts auf Berichtigung, L\u00f6schung, Einschr\u00e4nkung der Verarbeitung oder Widerspruch, das Bestehen eines Beschwerderechts, die Herkunft ihrer Daten, sofern diese nicht bei Ihnen erhoben wurden, sowie \u00fcber das Bestehen einer automatisierten Entscheidungsfindung einschlie\u00dflich Profiling und ggf. aussagekr\u00e4ftigen Informationen zu deren Einzelheiten verlangen;<\/li><li>gem\u00e4\u00df Art. 16 DSGVO unverz\u00fcglich die Berichtigung unrichtiger oder Vervollst\u00e4ndigung Ihrer bei uns gespeicherten personenbezogenen Daten zu verlangen;<\/li><li>gem\u00e4\u00df Art. 17 DSGVO die L\u00f6schung Ihrer bei uns gespeicherten personenbezogenen Daten zu verlangen, soweit nicht die Verarbeitung zur<br \/>Aus\u00fcbung des Rechts auf freie Meinungs\u00e4u\u00dferung und Information, zur Erf\u00fcllung einer rechtlichen Verpflichtung, aus Gr\u00fcnden des \u00f6ffentlichen Interesses oder zur Geltendmachung, Aus\u00fcbung oder Verteidigung von Rechtsanspr\u00fcchen erforderlich ist;<\/li><li>gem\u00e4\u00df Art. 18 DSGVO die Einschr\u00e4nkung der Verarbeitung Ihrer personenbezogenen Daten zu verlangen, soweit die Richtigkeit der Daten von Ihnen bestritten wird, die Verarbeitung unrechtm\u00e4\u00dfig ist, Sie aber deren L\u00f6schung ablehnen und wir die Daten nicht mehr ben\u00f6tigen, Sie jedoch diese zur Geltendmachung, Aus\u00fcbung oder Verteidigung von Rechtsanspr\u00fcchen ben\u00f6tigen oder Sie gem\u00e4\u00df Art. 21 DSGVO Widerspruch gegen die Verarbeitung eingelegt haben;<\/li><li>gem\u00e4\u00df Art. 20 DSGVO Ihre personenbezogenen Daten, die Sie uns bereitgestellt haben, in einem strukturierten, g\u00e4ngigen und maschinenlesebaren Format zu erhalten oder die \u00dcbermittlung an einen anderen Verantwortlichen zu verlangen;<\/li><li>gem\u00e4\u00df Art. 7 Abs. 3 DSGVO Ihre zuvor erteilte Einwilligung jederzeit uns gegen\u00fcber zu widerrufen. Dies hat zur Folge, dass wir die auf dieser Einwilligung beruhende Datenverarbeitung f\u00fcr die Zukunft nicht mehr fortf\u00fchren d\u00fcrfen;<\/li><li>gem\u00e4\u00df Art. 77 DSGVO sich bei einer Aufsichtsbeh\u00f6rde zu beschweren. Grunds\u00e4tzlich k\u00f6nnen Sie sich hierf\u00fcr an die Aufsichtsbeh\u00f6rde Ihres \u00fcblichen Aufenthaltsortes oder Arbeitsplatzes oder unseres Sitzes wenden;<\/li><li>gem\u00e4\u00df Art. 21 DSGVO Widerspruch gegen die Verarbeitung Ihrer auf Grundlage von berechtigten Interessen gem\u00e4\u00df Art. 6 Abs. 1 S. 1 lit. f DSGVO verarbeiteten personenbezogenen Daten einzulegen, soweit daf\u00fcr Gr\u00fcnde vorliegen, die sich aus Ihrer besonderen Situation ergeben oder sich der Widerspruch gegen Direktwerbung richtet. Im letzteren Fall haben Sie ein generelles Widerspruchsrecht, das ohne Angabe einer besonderen Situation von uns umgesetzt wird.<\/li><\/ul><p>Entsprechende Anfragen richten Sie bitte per E-Mail an .<\/p><p><strong>6. Datensicherheit<\/strong><\/p><p>Wir verwenden innerhalb des Webseiten-Besuchs das verbreitete SSL-Verfahren (Secure Socket Layer) in Verbindung mit der jeweils h\u00f6chsten Verschl\u00fcsselungsstufe, die von Ihrem Browser unterst\u00fctzt wird. In der Regel handelt es sich dabei um eine 256 Bit-Verschl\u00fcsselung. Falls Ihr Browser keine 256-Bit- Verschl\u00fcsselung unterst\u00fctzt, greifen wir stattdessen auf 128-Bit v3-Technologie zur\u00fcck. Ob eine einzelne Seite unseres Internetauftrittes verschl\u00fcsselt \u00fcbertragen wird, erkennen Sie an der geschlossenen Darstellung des Sch\u00fcssel- beziehungsweise Schloss-Symbols in der unteren Statusleiste Ihres Browsers.<\/p><p>Wir bedienen uns im \u00dcbrigen geeigneter technischer und organisatorischer Sicherheitsma\u00dfnahmen, um Ihre Daten gegen zuf\u00e4llige oder vors\u00e4tzliche Manipulationen, teilweisen oder vollst\u00e4ndigen Verlust, Zerst\u00f6rung oder gegen den unbefugten Zugriff Dritter zu sch\u00fctzen. Unsere Sicherheitsma\u00dfnahmen werden entsprechend der technologischen Entwicklung fortlaufend verbessert.<\/p><p>Wir weisen gleichwohl darauf hin, dass die \u00dcbertragung von Daten im Internet (z.B. per E- Mail) trotz aller Bem\u00fchungen Sicherheitsl\u00fccken aufweisen und ein l\u00fcckenloser Schutz der Daten vor dem Zugriff Dritter nicht gew\u00e4hrleistet werden kann. Wir \u00fcbernehmen daher keine Haftung f\u00fcr die durch solche Sicherheitsl\u00fccken entstandenen Sch\u00e4den.<\/p><p><strong>7. Aktualit\u00e4t und \u00c4nderung dieser Datenschutzerkl\u00e4rung<\/strong><\/p><p>Diese Datenschutzerkl\u00e4rung ist aktuell g\u00fcltig und hat den Stand M\u00e4rz 2021. Durch die Weiterentwicklung dieser Webseite und Angebote dar\u00fcber oder aufgrund ge\u00e4nderter gesetzlicher beziehungsweise beh\u00f6rdlicher Vorgaben kann es notwendig werden, diese Datenschutzerkl\u00e4rung zu \u00e4ndern. Die jeweils aktuelle Datenschutzerkl\u00e4rung kann jederzeit auf der Website unter www.aynaanalytics.com unter \u201eDatenschutzerkl\u00e4rung\u201c von Ihnen abgerufen werden.<\/p><p>\u00a0<\/p>\t\t\t\t\t\t<\/div>\n\t\t\t\t<\/div>\n\t\t\t\t\t<\/div>\n\t\t<\/div>\n\t\t\t\t\t\t\t<\/div>\n\t\t<\/section>\n\t\t\t\t\t\t\t<\/div>","protected":false},"excerpt":{"rendered":"<p>Datenschutzerkl\u00e4rung Den Schutz personenbezogener Daten nehmen wir sehr ernst. Im Folgenden informieren wir \u00fcber die Erhebung personenbezogener Daten bei Nutzung unserer Webseite und Kontaktaufnahme mit uns. 1. Name und Kontaktdaten des f\u00fcr die Verarbeitung Verantwortlichen sowie des betrieblichen Datenschutzbeauftragten Diese Datenschutz-Information gilt f\u00fcr die Datenverarbeitung durch Ayna Analytics GmbH, vertreten durch die Gesch\u00e4ftsf\u00fchrer Laura Rodr\u00edguez &hellip;<\/p>\n<p class=\"read-more\"> <a class=\"\" href=\"https:\/\/aynaanalytics.com\/en\/datenschutz\/\"> <span class=\"screen-reader-text\">Privacy<\/span> Read More &raquo;<\/a><\/p>","protected":false},"author":1,"featured_media":0,"parent":0,"menu_order":0,"comment_status":"closed","ping_status":"closed","template":"","meta":{"site-sidebar-layout":"no-sidebar","site-content-layout":"page-builder","ast-global-header-display":"","ast-banner-title-visibility":"","ast-main-header-display":"","ast-hfb-above-header-display":"","ast-hfb-below-header-display":"","ast-hfb-mobile-header-display":"","site-post-title":"disabled","ast-breadcrumbs-content":"","ast-featured-img":"disabled","footer-sml-layout":"","theme-transparent-header-meta":"default","adv-header-id-meta":"","stick-header-meta":"","header-above-stick-meta":"","header-main-stick-meta":"","header-below-stick-meta":"","footnotes":""},"yoast_head":"<!-- This site is optimized with the Yoast SEO plugin v21.3 - https:\/\/yoast.com\/wordpress\/plugins\/seo\/ -->\n<title>Datenschutz - Ayna Analytics<\/title>\n<meta name=\"robots\" content=\"index, follow, max-snippet:-1, max-image-preview:large, max-video-preview:-1\" \/>\n<link rel=\"canonical\" href=\"https:\/\/aynaanalytics.com\/en\/datenschutz\/\" \/>\n<meta property=\"og:locale\" content=\"en_GB\" \/>\n<meta property=\"og:type\" content=\"article\" \/>\n<meta property=\"og:title\" content=\"Datenschutz - Ayna Analytics\" \/>\n<meta property=\"og:description\" content=\"Datenschutzerkl\u00e4rung Den Schutz personenbezogener Daten nehmen wir sehr ernst. Im Folgenden informieren wir \u00fcber die Erhebung personenbezogener Daten bei Nutzung unserer Webseite und Kontaktaufnahme mit uns. 1. Name und Kontaktdaten des f\u00fcr die Verarbeitung Verantwortlichen sowie des betrieblichen Datenschutzbeauftragten Diese Datenschutz-Information gilt f\u00fcr die Datenverarbeitung durch Ayna Analytics GmbH, vertreten durch die Gesch\u00e4ftsf\u00fchrer Laura Rodr\u00edguez &hellip; Datenschutz Read More &raquo;\" \/>\n<meta property=\"og:url\" content=\"https:\/\/aynaanalytics.com\/en\/datenschutz\/\" \/>\n<meta property=\"og:site_name\" content=\"Ayna Analytics\" \/>\n<meta property=\"article:modified_time\" content=\"2021-09-13T11:05:04+00:00\" \/>\n<meta name=\"twitter:card\" content=\"summary_large_image\" \/>\n<meta name=\"twitter:label1\" content=\"Estimated reading time\" \/>\n\t<meta name=\"twitter:data1\" content=\"10 minutes\" \/>\n<script type=\"application\/ld+json\" class=\"yoast-schema-graph\">{\"@context\":\"https:\/\/schema.org\",\"@graph\":[{\"@type\":\"WebPage\",\"@id\":\"https:\/\/aynaanalytics.com\/en\/datenschutz\/\",\"url\":\"https:\/\/aynaanalytics.com\/en\/datenschutz\/\",\"name\":\"Datenschutz - Ayna Analytics\",\"isPartOf\":{\"@id\":\"https:\/\/aynaanalytics.com\/#website\"},\"datePublished\":\"2021-07-08T10:38:10+00:00\",\"dateModified\":\"2021-09-13T11:05:04+00:00\",\"breadcrumb\":{\"@id\":\"https:\/\/aynaanalytics.com\/en\/datenschutz\/#breadcrumb\"},\"inLanguage\":\"en-GB\",\"potentialAction\":[{\"@type\":\"ReadAction\",\"target\":[\"https:\/\/aynaanalytics.com\/en\/datenschutz\/\"]}]},{\"@type\":\"BreadcrumbList\",\"@id\":\"https:\/\/aynaanalytics.com\/en\/datenschutz\/#breadcrumb\",\"itemListElement\":[{\"@type\":\"ListItem\",\"position\":1,\"name\":\"Home\",\"item\":\"https:\/\/aynaanalytics.com\/\"},{\"@type\":\"ListItem\",\"position\":2,\"name\":\"Datenschutz\"}]},{\"@type\":\"WebSite\",\"@id\":\"https:\/\/aynaanalytics.com\/#website\",\"url\":\"https:\/\/aynaanalytics.com\/\",\"name\":\"Ayna Analytics\",\"description\":\"\",\"potentialAction\":[{\"@type\":\"SearchAction\",\"target\":{\"@type\":\"EntryPoint\",\"urlTemplate\":\"https:\/\/aynaanalytics.com\/?s={search_term_string}\"},\"query-input\":\"required name=search_term_string\"}],\"inLanguage\":\"en-GB\"}]}<\/script>\n<!-- \/ Yoast SEO plugin. -->","yoast_head_json":{"title":"Datenschutz - Ayna Analytics","robots":{"index":"index","follow":"follow","max-snippet":"max-snippet:-1","max-image-preview":"max-image-preview:large","max-video-preview":"max-video-preview:-1"},"canonical":"https:\/\/aynaanalytics.com\/en\/datenschutz\/","og_locale":"en_GB","og_type":"article","og_title":"Datenschutz - Ayna Analytics","og_description":"Datenschutzerkl\u00e4rung Den Schutz personenbezogener Daten nehmen wir sehr ernst. Im Folgenden informieren wir \u00fcber die Erhebung personenbezogener Daten bei Nutzung unserer Webseite und Kontaktaufnahme mit uns. 1. Name und Kontaktdaten des f\u00fcr die Verarbeitung Verantwortlichen sowie des betrieblichen Datenschutzbeauftragten Diese Datenschutz-Information gilt f\u00fcr die Datenverarbeitung durch Ayna Analytics GmbH, vertreten durch die Gesch\u00e4ftsf\u00fchrer Laura Rodr\u00edguez &hellip; Datenschutz Read More &raquo;","og_url":"https:\/\/aynaanalytics.com\/en\/datenschutz\/","og_site_name":"Ayna Analytics","article_modified_time":"2021-09-13T11:05:04+00:00","twitter_card":"summary_large_image","twitter_misc":{"Estimated reading time":"10 minutes"},"schema":{"@context":"https:\/\/schema.org","@graph":[{"@type":"WebPage","@id":"https:\/\/aynaanalytics.com\/en\/datenschutz\/","url":"https:\/\/aynaanalytics.com\/en\/datenschutz\/","name":"Datenschutz - Ayna Analytics","isPartOf":{"@id":"https:\/\/aynaanalytics.com\/#website"},"datePublished":"2021-07-08T10:38:10+00:00","dateModified":"2021-09-13T11:05:04+00:00","breadcrumb":{"@id":"https:\/\/aynaanalytics.com\/en\/datenschutz\/#breadcrumb"},"inLanguage":"en-GB","potentialAction":[{"@type":"ReadAction","target":["https:\/\/aynaanalytics.com\/en\/datenschutz\/"]}]},{"@type":"BreadcrumbList","@id":"https:\/\/aynaanalytics.com\/en\/datenschutz\/#breadcrumb","itemListElement":[{"@type":"ListItem","position":1,"name":"Home","item":"https:\/\/aynaanalytics.com\/"},{"@type":"ListItem","position":2,"name":"Datenschutz"}]},{"@type":"WebSite","@id":"https:\/\/aynaanalytics.com\/#website","url":"https:\/\/aynaanalytics.com\/","name":"Ayna Analytics","description":"","potentialAction":[{"@type":"SearchAction","target":{"@type":"EntryPoint","urlTemplate":"https:\/\/aynaanalytics.com\/?s={search_term_string}"},"query-input":"required name=search_term_string"}],"inLanguage":"en-GB"}]}},"_links":{"self":[{"href":"https:\/\/aynaanalytics.com\/en\/wp-json\/wp\/v2\/pages\/1342"}],"collection":[{"href":"https:\/\/aynaanalytics.com\/en\/wp-json\/wp\/v2\/pages"}],"about":[{"href":"https:\/\/aynaanalytics.com\/en\/wp-json\/wp\/v2\/types\/page"}],"author":[{"embeddable":true,"href":"https:\/\/aynaanalytics.com\/en\/wp-json\/wp\/v2\/users\/1"}],"replies":[{"embeddable":true,"href":"https:\/\/aynaanalytics.com\/en\/wp-json\/wp\/v2\/comments?post=1342"}],"version-history":[{"count":52,"href":"https:\/\/aynaanalytics.com\/en\/wp-json\/wp\/v2\/pages\/1342\/revisions"}],"predecessor-version":[{"id":3455,"href":"https:\/\/aynaanalytics.com\/en\/wp-json\/wp\/v2\/pages\/1342\/revisions\/3455"}],"wp:attachment":[{"href":"https:\/\/aynaanalytics.com\/en\/wp-json\/wp\/v2\/media?parent=1342"}],"curies":[{"name":"wp","href":"https:\/\/api.w.org\/{rel}","templated":true}]}}