{"id":2658,"date":"2021-08-29T14:16:54","date_gmt":"2021-08-29T14:16:54","guid":{"rendered":"https:\/\/dl.ankepohl.com\/?page_id=2658"},"modified":"2021-09-08T08:18:46","modified_gmt":"2021-09-08T08:18:46","slug":"cookie-richtlinie-eu","status":"publish","type":"page","link":"https:\/\/aynaanalytics.com\/en\/cookie-richtlinie-eu\/","title":{"rendered":"Cookie policy (EU)"},"content":{"rendered":"<div data-elementor-type=\"wp-page\" data-elementor-id=\"2658\" class=\"elementor elementor-2658\" data-elementor-post-type=\"page\">\n\t\t\t\t\t\t\t\t\t<section class=\"elementor-section elementor-top-section elementor-element elementor-element-568f6f7a elementor-section-height-min-height elementor-section-boxed elementor-section-height-default elementor-section-items-middle\" data-id=\"568f6f7a\" data-element_type=\"section\" data-settings=\"{&quot;background_background&quot;:&quot;classic&quot;,&quot;background_motion_fx_motion_fx_scrolling&quot;:&quot;yes&quot;,&quot;background_motion_fx_translateY_effect&quot;:&quot;yes&quot;,&quot;sticky&quot;:&quot;top&quot;,&quot;sticky_effects_offset&quot;:100,&quot;background_motion_fx_translateY_speed&quot;:{&quot;unit&quot;:&quot;px&quot;,&quot;size&quot;:4,&quot;sizes&quot;:[]},&quot;background_motion_fx_translateY_affectedRange&quot;:{&quot;unit&quot;:&quot;%&quot;,&quot;size&quot;:&quot;&quot;,&quot;sizes&quot;:{&quot;start&quot;:0,&quot;end&quot;:100}},&quot;background_motion_fx_devices&quot;:[&quot;desktop&quot;,&quot;tablet&quot;,&quot;mobile&quot;],&quot;_ha_eqh_enable&quot;:false,&quot;sticky_on&quot;:[&quot;desktop&quot;,&quot;tablet&quot;,&quot;mobile&quot;],&quot;sticky_offset&quot;:0}\">\n\t\t\t\t\t\t<div class=\"elementor-container elementor-column-gap-default\">\n\t\t\t\t\t<div class=\"elementor-column elementor-col-50 elementor-top-column elementor-element elementor-element-52d04031\" data-id=\"52d04031\" data-element_type=\"column\">\n\t\t\t<div class=\"elementor-widget-wrap elementor-element-populated\">\n\t\t\t\t\t\t\t\t<div class=\"elementor-element elementor-element-22eba74e static-logo elementor-widget elementor-widget-image\" data-id=\"22eba74e\" data-element_type=\"widget\" data-widget_type=\"image.default\">\n\t\t\t\t<div class=\"elementor-widget-container\">\n\t\t\t\t\t\t\t\t\t\t\t\t\t\t\t\t<a href=\"\/en\/\">\n\t\t\t\t\t\t\t<img decoding=\"async\" loading=\"lazy\" width=\"160\" height=\"101\" src=\"https:\/\/aynaanalytics.com\/wp-content\/uploads\/2021\/06\/aa_site_logo_scroll_160px.png\" class=\"attachment-medium size-medium wp-image-192\" alt=\"\" \/>\t\t\t\t\t\t\t\t<\/a>\n\t\t\t\t\t\t\t\t\t\t\t\t\t\t\t<\/div>\n\t\t\t\t<\/div>\n\t\t\t\t<div class=\"elementor-element elementor-element-2491590 sticky-logo elementor-widget elementor-widget-image\" data-id=\"2491590\" data-element_type=\"widget\" data-widget_type=\"image.default\">\n\t\t\t\t<div class=\"elementor-widget-container\">\n\t\t\t\t\t\t\t\t\t\t\t\t\t\t\t\t<a href=\"\/en\/\">\n\t\t\t\t\t\t\t<img decoding=\"async\" loading=\"lazy\" width=\"160\" height=\"101\" src=\"https:\/\/aynaanalytics.com\/wp-content\/uploads\/2021\/06\/aa_site_logo_scroll_160px.png\" class=\"attachment-medium size-medium wp-image-192\" alt=\"\" \/>\t\t\t\t\t\t\t\t<\/a>\n\t\t\t\t\t\t\t\t\t\t\t\t\t\t\t<\/div>\n\t\t\t\t<\/div>\n\t\t\t\t\t<\/div>\n\t\t<\/div>\n\t\t\t\t<div class=\"elementor-column elementor-col-50 elementor-top-column elementor-element elementor-element-7477e456\" data-id=\"7477e456\" data-element_type=\"column\">\n\t\t\t<div class=\"elementor-widget-wrap elementor-element-populated\">\n\t\t\t\t\t\t\t\t<div class=\"elementor-element elementor-element-57172a32 elementor-nav-menu__align-right elementor-nav-menu--stretch elementor-nav-menu__text-align-center ha-css-transform-yes elementor-nav-menu--dropdown-tablet elementor-nav-menu--toggle elementor-nav-menu--burger elementor-widget elementor-widget-nav-menu\" data-id=\"57172a32\" data-element_type=\"widget\" data-settings=\"{&quot;full_width&quot;:&quot;stretch&quot;,&quot;layout&quot;:&quot;horizontal&quot;,&quot;submenu_icon&quot;:{&quot;value&quot;:&quot;&lt;i class=\\&quot;fas fa-caret-down\\&quot;&gt;&lt;\\\/i&gt;&quot;,&quot;library&quot;:&quot;fa-solid&quot;},&quot;toggle&quot;:&quot;burger&quot;}\" data-widget_type=\"nav-menu.default\">\n\t\t\t\t<div class=\"elementor-widget-container\">\n\t\t\t\t\t\t<nav class=\"elementor-nav-menu--main elementor-nav-menu__container elementor-nav-menu--layout-horizontal e--pointer-none\">\n\t\t\t\t<ul id=\"menu-1-57172a32\" class=\"elementor-nav-menu\"><li class=\"menu-item menu-item-type-post_type menu-item-object-page menu-item-1357\"><a href=\"https:\/\/aynaanalytics.com\/en\/services\/\" class=\"elementor-item menu-link\">Services<\/a><\/li>\n<li class=\"menu-item menu-item-type-post_type menu-item-object-page menu-item-1356\"><a href=\"https:\/\/aynaanalytics.com\/en\/unternehmen\/\" class=\"elementor-item menu-link\">Company<\/a><\/li>\n<li class=\"menu-item menu-item-type-post_type menu-item-object-page menu-item-3912\"><a href=\"https:\/\/aynaanalytics.com\/en\/foerderung\/\" class=\"elementor-item menu-link\">Sponsorship<\/a><\/li>\n<li class=\"menu-item menu-item-type-post_type menu-item-object-page menu-item-2745\"><a href=\"https:\/\/aynaanalytics.com\/en\/news\/\" class=\"elementor-item menu-link\">News<\/a><\/li>\n<li class=\"menu-item menu-item-type-post_type menu-item-object-page menu-item-1355\"><a href=\"https:\/\/aynaanalytics.com\/en\/kontakt\/\" class=\"elementor-item menu-link\">Contact<\/a><\/li>\n<li class=\"ms-login-link menu-item menu-item-type-custom menu-item-object-custom menu-item-3130\"><a href=\"#\" class=\"elementor-item elementor-item-anchor menu-link\">Login<\/a><\/li>\n<li class=\"trp-language-switcher-container menu-item menu-item-type-post_type menu-item-object-language_switcher menu-item-3877\"><a href=\"https:\/\/aynaanalytics.com\/wp-json\/wp\/v2\/pages\/2658\/\" class=\"elementor-item elementor-item-anchor menu-link\"><span data-no-translation><img decoding=\"async\" loading=\"lazy\" class=\"trp-flag-image\" src=\"https:\/\/aynaanalytics.com\/wp-content\/plugins\/translatepress-multilingual\/assets\/images\/flags\/de_DE.png\" width=\"18\" height=\"12\" alt=\"de_DE\" title=\"German\"><\/span><\/a><\/li>\n<\/ul>\t\t\t<\/nav>\n\t\t\t\t\t<div class=\"elementor-menu-toggle\" role=\"button\" tabindex=\"0\" aria-label=\"Menu Toggle\" aria-expanded=\"false\">\n\t\t\t<i aria-hidden=\"true\" role=\"presentation\" class=\"elementor-menu-toggle__icon--open eicon-menu-bar\"><\/i><i aria-hidden=\"true\" role=\"presentation\" class=\"elementor-menu-toggle__icon--close eicon-close\"><\/i>\t\t\t<span class=\"elementor-screen-only\">Menu<\/span>\n\t\t<\/div>\n\t\t\t\t\t<nav class=\"elementor-nav-menu--dropdown elementor-nav-menu__container\" aria-hidden=\"true\">\n\t\t\t\t<ul id=\"menu-2-57172a32\" class=\"elementor-nav-menu\"><li class=\"menu-item menu-item-type-post_type menu-item-object-page menu-item-1357\"><a href=\"https:\/\/aynaanalytics.com\/en\/services\/\" class=\"elementor-item menu-link\" tabindex=\"-1\">Services<\/a><\/li>\n<li class=\"menu-item menu-item-type-post_type menu-item-object-page menu-item-1356\"><a href=\"https:\/\/aynaanalytics.com\/en\/unternehmen\/\" class=\"elementor-item menu-link\" tabindex=\"-1\">Company<\/a><\/li>\n<li class=\"menu-item menu-item-type-post_type menu-item-object-page menu-item-3912\"><a href=\"https:\/\/aynaanalytics.com\/en\/foerderung\/\" class=\"elementor-item menu-link\" tabindex=\"-1\">Sponsorship<\/a><\/li>\n<li class=\"menu-item menu-item-type-post_type menu-item-object-page menu-item-2745\"><a href=\"https:\/\/aynaanalytics.com\/en\/news\/\" class=\"elementor-item menu-link\" tabindex=\"-1\">News<\/a><\/li>\n<li class=\"menu-item menu-item-type-post_type menu-item-object-page menu-item-1355\"><a href=\"https:\/\/aynaanalytics.com\/en\/kontakt\/\" class=\"elementor-item menu-link\" tabindex=\"-1\">Contact<\/a><\/li>\n<li class=\"ms-login-link menu-item menu-item-type-custom menu-item-object-custom menu-item-3130\"><a href=\"#\" class=\"elementor-item elementor-item-anchor menu-link\" tabindex=\"-1\">Login<\/a><\/li>\n<li class=\"trp-language-switcher-container menu-item menu-item-type-post_type menu-item-object-language_switcher menu-item-3877\"><a href=\"https:\/\/aynaanalytics.com\/wp-json\/wp\/v2\/pages\/2658\/\" class=\"elementor-item elementor-item-anchor menu-link\" tabindex=\"-1\"><span data-no-translation><img decoding=\"async\" loading=\"lazy\" class=\"trp-flag-image\" src=\"https:\/\/aynaanalytics.com\/wp-content\/plugins\/translatepress-multilingual\/assets\/images\/flags\/de_DE.png\" width=\"18\" height=\"12\" alt=\"de_DE\" title=\"German\"><\/span><\/a><\/li>\n<\/ul>\t\t\t<\/nav>\n\t\t\t\t<\/div>\n\t\t\t\t<\/div>\n\t\t\t\t\t<\/div>\n\t\t<\/div>\n\t\t\t\t\t\t\t<\/div>\n\t\t<\/section>\n\t\t\t\t<section class=\"elementor-section elementor-top-section elementor-element elementor-element-71048b7 elementor-section-stretched elementor-section-boxed elementor-section-height-default elementor-section-height-default\" data-id=\"71048b7\" data-element_type=\"section\" data-settings=\"{&quot;background_background&quot;:&quot;classic&quot;,&quot;stretch_section&quot;:&quot;section-stretched&quot;,&quot;_ha_eqh_enable&quot;:false}\">\n\t\t\t\t\t\t\t<div class=\"elementor-background-overlay\"><\/div>\n\t\t\t\t\t\t\t<div class=\"elementor-container elementor-column-gap-default\">\n\t\t\t\t\t<div class=\"elementor-column elementor-col-100 elementor-top-column elementor-element elementor-element-5ad51708\" data-id=\"5ad51708\" data-element_type=\"column\">\n\t\t\t<div class=\"elementor-widget-wrap elementor-element-populated\">\n\t\t\t\t\t\t\t\t<div class=\"elementor-element elementor-element-2610dba6 elementor-widget elementor-widget-heading\" data-id=\"2610dba6\" data-element_type=\"widget\" data-widget_type=\"heading.default\">\n\t\t\t\t<div class=\"elementor-widget-container\">\n\t\t\t<h2 class=\"elementor-heading-title elementor-size-default\">Cookie policy (EU)<\/h2>\t\t<\/div>\n\t\t\t\t<\/div>\n\t\t\t\t<div class=\"elementor-element elementor-element-2815101b elementor-widget elementor-widget-text-editor\" data-id=\"2815101b\" data-element_type=\"widget\" data-widget_type=\"text-editor.default\">\n\t\t\t\t<div class=\"elementor-widget-container\">\n\t\t\t\t\t\t\t<p class=\"font_8\"><em>Diese Cookie-Richtlinie wurde zuletzt am 26. August 2021 aktualisiert und gilt f\u00fcr B\u00fcrger und rechtm\u00e4\u00dfige st\u00e4ndige Einwohner des Europ\u00e4ischen Wirtschaftsraums.<\/em><\/p><p><strong>1. Einleitung<\/strong><\/p><p>Unsere Website <a href=\"https:\/\/dl.ankepohl.com\/\" target=\"_blank\" rel=\"noopener\" data-saferedirecturl=\"https:\/\/www.google.com\/url?q=https:\/\/dl.ankepohl.com&amp;source=gmail&amp;ust=1630332509224000&amp;usg=AFQjCNHP9FkfiJ3jyaeHU7JNQljsOWJj6g\">https:\/\/dl.ankepohl.com<\/a>\u00a0verwendet Cookies und andere verwandte Technologien (der Einfachheit halber werden alle Technologien als \u201eCookies\u201c bezeichnet). Cookies werden auch von Dritten platziert, die wir beauftragt haben. Im folgenden Dokument informieren wir Sie \u00fcber die Verwendung von Cookies auf unserer Website.<\/p><p><strong>2. Was sind Cookies?<\/strong><\/p><p>A cookie is a small simple file that is sent along with pages of this website and stored by your browser on the hard drive of your computer or another device. The information stored therein may be returned to our servers or to the servers of the relevant third parties during a subsequent visit.<\/p><p>Ein Cookie ist eine kleine Datei, die zusammen mit Seiten dieser Website gesendet und von Ihrem Browser auf der Festplatte Ihres Computers oder eines anderen Ger\u00e4ts gespeichert wird. Die darin gespeicherten Informationen k\u00f6nnen bei einem sp\u00e4teren Besuch an unsere Server oder an die Server der entsprechenden Dritten zur\u00fcckgegeben werden.<\/p><div><p><strong>3. Was sind Skripte?<\/strong><\/p><p>Ein Skript ist ein St\u00fcck Programmcode, der verwendet wird, damit unsere Website richtig und interaktiv funktioniert. Dieser Code wird auf unserem Server oder auf Ihrem Ger\u00e4t ausgef\u00fchrt.<\/p><\/div><div><p><strong>4. Was ist ein Web-Beacon?<\/strong><\/p><p>Ein Web-Beacon (oder ein Pixel-Tag) ist ein kleiner, unsichtbarer Text oder ein Bild auf einer Website, das verwendet wird, um den Verkehr auf einer Website zu \u00fcberwachen. Dazu werden mittels Web Beacons verschiedene Daten \u00fcber Sie gespeichert.<\/p><\/div><div><p><strong>5. Cookies<\/strong><\/p><p>5.1 Technische oder funktionale Cookies<\/p><p>Einige Cookies stellen sicher, dass bestimmte Teile der Website ordnungsgem\u00e4\u00df funktionieren und Ihre Benutzereinstellungen bekannt bleiben. Durch das Setzen von funktionalen Cookies erleichtern wir Ihnen den Besuch unserer Website. Auf diese Weise m\u00fcssen Sie beim Besuch unserer Website nicht immer wieder dieselben Informationen eingeben. Wir k\u00f6nnen diese Cookies ohne Ihre Zustimmung platzieren.<\/p><p>5.2 Statistik-Cookies<\/p><p>Wir verwenden Statistik-Cookies, um das Website-Erlebnis f\u00fcr unsere Benutzer zu optimieren. Mit diesen Statistik-Cookies erhalten wir Einblicke in die Nutzung unserer Website. Wir bitten um Ihre Erlaubnis, Statistik-Cookies zu platzieren.<\/p><p><strong>6. Platzierte Cookies<\/strong><\/p><p>WordPress<br \/>Funktional<br \/>Elementor<br \/>Statistik (anonym)<\/p><p><strong>7. Zustimmung<\/strong><\/p><p>Wenn Sie unsere Website zum ersten Mal besuchen, zeigen wir Ihnen ein Pop-up mit einer Erkl\u00e4rung zu Cookies an. Sobald Sie auf \u201eEinstellungen speichern\u201c klicken, stimmen Sie zu, dass wir die von Ihnen im Pop-up ausgew\u00e4hlten Kategorien von Cookies und Plug-ins verwenden, wie in dieser Cookie-Richtlinie beschrieben. Sie k\u00f6nnen die Verwendung von Cookies \u00fcber Ihren Browser deaktivieren, beachten Sie jedoch, dass unsere Website m\u00f6glicherweise nicht mehr richtig funktioniert.<\/p><p>7.1 Verwalten Sie Ihre Einwilligungseinstellungen<\/p><p>Necessary<br \/>Statistics<\/p><p><strong>8. Ihre Rechte in Bezug auf personenbezogene Daten<\/strong><\/p><p>Sie haben bez\u00fcglich Ihrer personenbezogenen Daten folgende Rechte:<\/p><p>Sie haben das Recht zu erfahren, warum Ihre personenbezogenen Daten ben\u00f6tigt werden, was mit ihnen passiert und wie lange sie gespeichert werden.<br \/>Auskunftsrecht: Sie haben das Recht, auf Ihre uns bekannten personenbezogenen Daten zuzugreifen.<br \/>Recht auf Berichtigung: Sie haben jederzeit das Recht, Ihre personenbezogenen Daten zu erg\u00e4nzen, zu berichtigen, zu l\u00f6schen oder zu sperren.<br \/>Wenn Sie uns Ihre Einwilligung zur Verarbeitung Ihrer Daten erteilen, haben Sie das Recht, diese Einwilligung zu widerrufen und Ihre personenbezogenen Daten l\u00f6schen zu lassen.<br \/>Recht auf \u00dcbermittlung Ihrer Daten: Sie haben das Recht, alle Ihre personenbezogenen Daten vom Verantwortlichen anzufordern und vollst\u00e4ndig an einen anderen Verantwortlichen zu \u00fcbermitteln.<br \/>Widerspruchsrecht: Sie k\u00f6nnen der Verarbeitung Ihrer Daten widersprechen. Dem kommen wir nach, es sei denn, es liegen berechtigte Gr\u00fcnde f\u00fcr die Verarbeitung vor.<\/p><p>Um diese Rechte auszu\u00fcben, kontaktieren Sie uns bitte. Bitte beachten Sie die Kontaktdaten am Ende dieser Cookie-Richtlinie. Wenn Sie eine Beschwerde \u00fcber unseren Umgang mit Ihren Daten haben, w\u00fcrden wir gerne von Ihnen h\u00f6ren, aber Sie haben auch das Recht, eine Beschwerde bei der Aufsichtsbeh\u00f6rde (der Datenschutzbeh\u00f6rde) einzureichen.<\/p><p><strong>9. Aktivieren\/Deaktivieren und L\u00f6schen von Cookies<\/strong><\/p><p>Sie k\u00f6nnen Ihren Internetbrowser verwenden, um Cookies automatisch oder manuell zu l\u00f6schen. Sie k\u00f6nnen auch festlegen, dass bestimmte Cookies nicht gesetzt werden d\u00fcrfen. Eine andere M\u00f6glichkeit besteht darin, die Einstellungen Ihres Internet Browsers so zu \u00e4ndern, dass Sie jedes Mal, wenn ein Cookie gesetzt wird, eine Nachricht erhalten. Weitere Informationen zu diesen Optionen finden Sie in den Anweisungen im Hilfebereich Ihres Browsers.<\/p><p>Bitte beachten Sie, dass unsere Website m\u00f6glicherweise nicht richtig funktioniert, wenn alle Cookies deaktiviert sind. Wenn Sie die Cookies in Ihrem Browser l\u00f6schen, werden diese nach Ihrer Einwilligung bei einem erneuten Besuch unserer Webseiten erneut gesetzt.<\/p><p><strong>10. Kontaktdaten<\/strong><\/p><p>Bei Fragen und\/oder Kommentaren zu unserer Cookie-Richtlinie und dieser Erkl\u00e4rung kontaktieren Sie uns bitte \u00fcber die folgenden Kontaktdaten:<\/p><p>Laura Rodr\u00edguez Garc\u00eda, David Mainka<br \/>Ayna Analytics GmbH<br \/>Teerofendamm 3<br \/>14532 Kleinmachnow<br \/>Deuschland<br \/>Website:\u00a0<a href=\"https:\/\/dl.ankepohl.com\/\" target=\"_blank\" rel=\"noopener\" data-saferedirecturl=\"https:\/\/www.google.com\/url?q=https:\/\/dl.ankepohl.com&amp;source=gmail&amp;ust=1630332509224000&amp;usg=AFQjCNHP9FkfiJ3jyaeHU7JNQljsOWJj6g\">https:\/\/dl.ankepohl.com<\/a><br \/>E-Mail:\u00a0<a href=\"mailto:info@aynaanalytics.com\" target=\"_blank\" rel=\"noopener\">info@aynaanalytics.com<\/a><br \/>Telefonnummer: 033203 326100<\/p><p>Diese Cookie-Richtlinie wurde am 26. August 2021 mit\u00a0<a href=\"http:\/\/cookiedatabase.org\/\" target=\"_blank\" rel=\"noopener\" data-saferedirecturl=\"https:\/\/www.google.com\/url?q=http:\/\/cookiedatabase.org&amp;source=gmail&amp;ust=1630332509224000&amp;usg=AFQjCNHoKelXc4lbLVdVgLLhNASmauamsQ\">cookiedatabase.org<\/a>\u00a0synchronisiert<\/p><div class=\"yj6qo\">\u00a0<\/div><div class=\"adL\">\u00a0<\/div><\/div>\t\t\t\t\t\t<\/div>\n\t\t\t\t<\/div>\n\t\t\t\t\t<\/div>\n\t\t<\/div>\n\t\t\t\t\t\t\t<\/div>\n\t\t<\/section>\n\t\t\t\t\t\t\t<\/div>","protected":false},"excerpt":{"rendered":"<p>Cookie-Richtlinie (EU) Diese Cookie-Richtlinie wurde zuletzt am 26. August 2021 aktualisiert und gilt f\u00fcr B\u00fcrger und rechtm\u00e4\u00dfige st\u00e4ndige Einwohner des Europ\u00e4ischen Wirtschaftsraums. 1. Einleitung Unsere Website https:\/\/dl.ankepohl.com\u00a0verwendet Cookies und andere verwandte Technologien (der Einfachheit halber werden alle Technologien als \u201eCookies\u201c bezeichnet). Cookies werden auch von Dritten platziert, die wir beauftragt haben. Im folgenden Dokument informieren &hellip;<\/p>\n<p class=\"read-more\"> <a class=\"\" href=\"https:\/\/aynaanalytics.com\/en\/cookie-richtlinie-eu\/\"> <span class=\"screen-reader-text\">Cookie policy (EU)<\/span> Read More &raquo;<\/a><\/p>","protected":false},"author":1,"featured_media":0,"parent":0,"menu_order":0,"comment_status":"closed","ping_status":"closed","template":"","meta":{"site-sidebar-layout":"no-sidebar","site-content-layout":"page-builder","ast-global-header-display":"","ast-banner-title-visibility":"","ast-main-header-display":"disabled","ast-hfb-above-header-display":"","ast-hfb-below-header-display":"","ast-hfb-mobile-header-display":"","site-post-title":"disabled","ast-breadcrumbs-content":"","ast-featured-img":"disabled","footer-sml-layout":"","theme-transparent-header-meta":"enabled","adv-header-id-meta":"","stick-header-meta":"","header-above-stick-meta":"","header-main-stick-meta":"","header-below-stick-meta":"","footnotes":""},"yoast_head":"<!-- This site is optimized with the Yoast SEO plugin v21.3 - https:\/\/yoast.com\/wordpress\/plugins\/seo\/ -->\n<title>Cookie-Richtlinie (EU) - Ayna Analytics<\/title>\n<meta name=\"robots\" content=\"index, follow, max-snippet:-1, max-image-preview:large, max-video-preview:-1\" \/>\n<link rel=\"canonical\" href=\"https:\/\/aynaanalytics.com\/en\/cookie-richtlinie-eu\/\" \/>\n<meta property=\"og:locale\" content=\"en_GB\" \/>\n<meta property=\"og:type\" content=\"article\" \/>\n<meta property=\"og:title\" content=\"Cookie-Richtlinie (EU) - Ayna Analytics\" \/>\n<meta property=\"og:description\" content=\"Cookie-Richtlinie (EU) Diese Cookie-Richtlinie wurde zuletzt am 26. August 2021 aktualisiert und gilt f\u00fcr B\u00fcrger und rechtm\u00e4\u00dfige st\u00e4ndige Einwohner des Europ\u00e4ischen Wirtschaftsraums. 1. Einleitung Unsere Website https:\/\/dl.ankepohl.com\u00a0verwendet Cookies und andere verwandte Technologien (der Einfachheit halber werden alle Technologien als \u201eCookies\u201c bezeichnet). Cookies werden auch von Dritten platziert, die wir beauftragt haben. Im folgenden Dokument informieren &hellip; Cookie-Richtlinie (EU) Read More &raquo;\" \/>\n<meta property=\"og:url\" content=\"https:\/\/aynaanalytics.com\/en\/cookie-richtlinie-eu\/\" \/>\n<meta property=\"og:site_name\" content=\"Ayna Analytics\" \/>\n<meta property=\"article:modified_time\" content=\"2021-09-08T08:18:46+00:00\" \/>\n<meta property=\"og:image\" content=\"https:\/\/dl.ankepohl.com\/wp-content\/uploads\/2021\/06\/aa_site_logo_scroll_160px.png\" \/>\n<meta name=\"twitter:card\" content=\"summary_large_image\" \/>\n<meta name=\"twitter:label1\" content=\"Estimated reading time\" \/>\n\t<meta name=\"twitter:data1\" content=\"4 minutes\" \/>\n<script type=\"application\/ld+json\" class=\"yoast-schema-graph\">{\"@context\":\"https:\/\/schema.org\",\"@graph\":[{\"@type\":\"WebPage\",\"@id\":\"https:\/\/aynaanalytics.com\/cookie-richtlinie-eu\/\",\"url\":\"https:\/\/aynaanalytics.com\/cookie-richtlinie-eu\/\",\"name\":\"Cookie-Richtlinie (EU) - Ayna Analytics\",\"isPartOf\":{\"@id\":\"https:\/\/aynaanalytics.com\/#website\"},\"datePublished\":\"2021-08-29T14:16:54+00:00\",\"dateModified\":\"2021-09-08T08:18:46+00:00\",\"breadcrumb\":{\"@id\":\"https:\/\/aynaanalytics.com\/cookie-richtlinie-eu\/#breadcrumb\"},\"inLanguage\":\"en-GB\",\"potentialAction\":[{\"@type\":\"ReadAction\",\"target\":[\"https:\/\/aynaanalytics.com\/cookie-richtlinie-eu\/\"]}]},{\"@type\":\"BreadcrumbList\",\"@id\":\"https:\/\/aynaanalytics.com\/cookie-richtlinie-eu\/#breadcrumb\",\"itemListElement\":[{\"@type\":\"ListItem\",\"position\":1,\"name\":\"Home\",\"item\":\"https:\/\/aynaanalytics.com\/\"},{\"@type\":\"ListItem\",\"position\":2,\"name\":\"Cookie-Richtlinie (EU)\"}]},{\"@type\":\"WebSite\",\"@id\":\"https:\/\/aynaanalytics.com\/#website\",\"url\":\"https:\/\/aynaanalytics.com\/\",\"name\":\"Ayna Analytics\",\"description\":\"\",\"potentialAction\":[{\"@type\":\"SearchAction\",\"target\":{\"@type\":\"EntryPoint\",\"urlTemplate\":\"https:\/\/aynaanalytics.com\/?s={search_term_string}\"},\"query-input\":\"required name=search_term_string\"}],\"inLanguage\":\"en-GB\"}]}<\/script>\n<!-- \/ Yoast SEO plugin. -->","yoast_head_json":{"title":"Cookie-Richtlinie (EU) - Ayna Analytics","robots":{"index":"index","follow":"follow","max-snippet":"max-snippet:-1","max-image-preview":"max-image-preview:large","max-video-preview":"max-video-preview:-1"},"canonical":"https:\/\/aynaanalytics.com\/en\/cookie-richtlinie-eu\/","og_locale":"en_GB","og_type":"article","og_title":"Cookie-Richtlinie (EU) - Ayna Analytics","og_description":"Cookie-Richtlinie (EU) Diese Cookie-Richtlinie wurde zuletzt am 26. August 2021 aktualisiert und gilt f\u00fcr B\u00fcrger und rechtm\u00e4\u00dfige st\u00e4ndige Einwohner des Europ\u00e4ischen Wirtschaftsraums. 1. Einleitung Unsere Website https:\/\/dl.ankepohl.com\u00a0verwendet Cookies und andere verwandte Technologien (der Einfachheit halber werden alle Technologien als \u201eCookies\u201c bezeichnet). Cookies werden auch von Dritten platziert, die wir beauftragt haben. Im folgenden Dokument informieren &hellip; Cookie-Richtlinie (EU) Read More &raquo;","og_url":"https:\/\/aynaanalytics.com\/en\/cookie-richtlinie-eu\/","og_site_name":"Ayna Analytics","article_modified_time":"2021-09-08T08:18:46+00:00","og_image":[{"url":"https:\/\/dl.ankepohl.com\/wp-content\/uploads\/2021\/06\/aa_site_logo_scroll_160px.png"}],"twitter_card":"summary_large_image","twitter_misc":{"Estimated reading time":"4 minutes"},"schema":{"@context":"https:\/\/schema.org","@graph":[{"@type":"WebPage","@id":"https:\/\/aynaanalytics.com\/cookie-richtlinie-eu\/","url":"https:\/\/aynaanalytics.com\/cookie-richtlinie-eu\/","name":"Cookie-Richtlinie (EU) - Ayna Analytics","isPartOf":{"@id":"https:\/\/aynaanalytics.com\/#website"},"datePublished":"2021-08-29T14:16:54+00:00","dateModified":"2021-09-08T08:18:46+00:00","breadcrumb":{"@id":"https:\/\/aynaanalytics.com\/cookie-richtlinie-eu\/#breadcrumb"},"inLanguage":"en-GB","potentialAction":[{"@type":"ReadAction","target":["https:\/\/aynaanalytics.com\/cookie-richtlinie-eu\/"]}]},{"@type":"BreadcrumbList","@id":"https:\/\/aynaanalytics.com\/cookie-richtlinie-eu\/#breadcrumb","itemListElement":[{"@type":"ListItem","position":1,"name":"Home","item":"https:\/\/aynaanalytics.com\/"},{"@type":"ListItem","position":2,"name":"Cookie-Richtlinie (EU)"}]},{"@type":"WebSite","@id":"https:\/\/aynaanalytics.com\/#website","url":"https:\/\/aynaanalytics.com\/","name":"Ayna Analytics","description":"","potentialAction":[{"@type":"SearchAction","target":{"@type":"EntryPoint","urlTemplate":"https:\/\/aynaanalytics.com\/?s={search_term_string}"},"query-input":"required name=search_term_string"}],"inLanguage":"en-GB"}]}},"_links":{"self":[{"href":"https:\/\/aynaanalytics.com\/en\/wp-json\/wp\/v2\/pages\/2658"}],"collection":[{"href":"https:\/\/aynaanalytics.com\/en\/wp-json\/wp\/v2\/pages"}],"about":[{"href":"https:\/\/aynaanalytics.com\/en\/wp-json\/wp\/v2\/types\/page"}],"author":[{"embeddable":true,"href":"https:\/\/aynaanalytics.com\/en\/wp-json\/wp\/v2\/users\/1"}],"replies":[{"embeddable":true,"href":"https:\/\/aynaanalytics.com\/en\/wp-json\/wp\/v2\/comments?post=2658"}],"version-history":[{"count":26,"href":"https:\/\/aynaanalytics.com\/en\/wp-json\/wp\/v2\/pages\/2658\/revisions"}],"predecessor-version":[{"id":3189,"href":"https:\/\/aynaanalytics.com\/en\/wp-json\/wp\/v2\/pages\/2658\/revisions\/3189"}],"wp:attachment":[{"href":"https:\/\/aynaanalytics.com\/en\/wp-json\/wp\/v2\/media?parent=2658"}],"curies":[{"name":"wp","href":"https:\/\/api.w.org\/{rel}","templated":true}]}}