{"id":3901,"date":"2022-10-16T21:03:54","date_gmt":"2022-10-16T19:03:54","guid":{"rendered":"http:\/\/aynaanalytics.com\/?page_id=3901"},"modified":"2023-05-27T11:01:12","modified_gmt":"2023-05-27T09:01:12","slug":"foerderung","status":"publish","type":"page","link":"https:\/\/aynaanalytics.com\/en\/foerderung\/","title":{"rendered":"Sponsorship"},"content":{"rendered":"<div data-elementor-type=\"wp-page\" data-elementor-id=\"3901\" class=\"elementor elementor-3901\" data-elementor-post-type=\"page\">\n\t\t\t\t\t\t\t\t\t<section class=\"elementor-section elementor-top-section elementor-element elementor-element-e304f33 elementor-section-boxed elementor-section-height-default elementor-section-height-default\" data-id=\"e304f33\" data-element_type=\"section\" data-settings=\"{&quot;_ha_eqh_enable&quot;:false}\">\n\t\t\t\t\t\t<div class=\"elementor-container elementor-column-gap-default\">\n\t\t\t\t\t<div class=\"elementor-column elementor-col-100 elementor-top-column elementor-element elementor-element-9be9c3e\" data-id=\"9be9c3e\" data-element_type=\"column\" data-settings=\"{&quot;background_background&quot;:&quot;classic&quot;}\">\n\t\t\t<div class=\"elementor-widget-wrap\">\n\t\t\t\t\t\t\t\t\t<\/div>\n\t\t<\/div>\n\t\t\t\t\t\t\t<\/div>\n\t\t<\/section>\n\t\t\t\t<section class=\"elementor-section elementor-top-section elementor-element elementor-element-b4305e2 elementor-section-boxed elementor-section-height-default elementor-section-height-default\" data-id=\"b4305e2\" data-element_type=\"section\" data-settings=\"{&quot;_ha_eqh_enable&quot;:false}\">\n\t\t\t\t\t\t<div class=\"elementor-container elementor-column-gap-default\">\n\t\t\t\t\t<div class=\"elementor-column elementor-col-100 elementor-top-column elementor-element elementor-element-66cca0b\" data-id=\"66cca0b\" data-element_type=\"column\">\n\t\t\t<div class=\"elementor-widget-wrap elementor-element-populated\">\n\t\t\t\t\t\t\t\t<div class=\"elementor-element elementor-element-0c65f25 elementor-widget elementor-widget-image\" data-id=\"0c65f25\" data-element_type=\"widget\" data-widget_type=\"image.default\">\n\t\t\t\t<div class=\"elementor-widget-container\">\n\t\t\t\t\t\t\t\t\t\t\t\t\t\t\t<img decoding=\"async\" loading=\"lazy\" width=\"511\" height=\"595\" src=\"https:\/\/aynaanalytics.com\/wp-content\/uploads\/2023\/05\/INVEST_Logo_URL_rote_URL_RZ-1.png\" class=\"attachment-large size-large wp-image-4038\" alt=\"\" srcset=\"https:\/\/aynaanalytics.com\/wp-content\/uploads\/2023\/05\/INVEST_Logo_URL_rote_URL_RZ-1.png 511w, https:\/\/aynaanalytics.com\/wp-content\/uploads\/2023\/05\/INVEST_Logo_URL_rote_URL_RZ-1-258x300.png 258w, https:\/\/aynaanalytics.com\/wp-content\/uploads\/2023\/05\/INVEST_Logo_URL_rote_URL_RZ-1-10x12.png 10w\" sizes=\"(max-width: 511px) 100vw, 511px\" \/>\t\t\t\t\t\t\t\t\t\t\t\t\t\t\t<\/div>\n\t\t\t\t<\/div>\n\t\t\t\t\t<\/div>\n\t\t<\/div>\n\t\t\t\t\t\t\t<\/div>\n\t\t<\/section>\n\t\t\t\t<section class=\"elementor-section elementor-top-section elementor-element elementor-element-a3f79ab elementor-section-boxed elementor-section-height-default elementor-section-height-default\" data-id=\"a3f79ab\" data-element_type=\"section\" data-settings=\"{&quot;background_background&quot;:&quot;classic&quot;,&quot;_ha_eqh_enable&quot;:false}\">\n\t\t\t\t\t\t<div class=\"elementor-container elementor-column-gap-default\">\n\t\t\t\t\t<div class=\"elementor-column elementor-col-100 elementor-top-column elementor-element elementor-element-3cfb801\" data-id=\"3cfb801\" data-element_type=\"column\" data-settings=\"{&quot;background_background&quot;:&quot;classic&quot;}\">\n\t\t\t<div class=\"elementor-widget-wrap elementor-element-populated\">\n\t\t\t\t\t\t\t\t<div class=\"elementor-element elementor-element-c6e82c7 elementor-widget elementor-widget-heading\" data-id=\"c6e82c7\" data-element_type=\"widget\" data-widget_type=\"heading.default\">\n\t\t\t\t<div class=\"elementor-widget-container\">\n\t\t\t<h2 class=\"elementor-heading-title elementor-size-default\">Ayna Analytics GmbH carries out the following measures as part of the funding program for Brandenburg innovation specialists:<\/h2>\t\t<\/div>\n\t\t\t\t<\/div>\n\t\t\t\t<div class=\"elementor-element elementor-element-d96103b elementor-widget elementor-widget-text-editor\" data-id=\"d96103b\" data-element_type=\"widget\" data-widget_type=\"text-editor.default\">\n\t\t\t\t<div class=\"elementor-widget-container\">\n\t\t\t\t\t\t\t<p><strong>The objective of the project<\/strong>: Employment of a students Work as part of a corporate innovation project on the topic: <br \/>&#034;Development of a method for content determination of caffeine in liquid preparations&#034;.<\/p><p><strong>Project result<\/strong>: The results of the project will be released after the action has been completed.<\/p><p><strong>Financial Support<\/strong>: The employment of a students Work as part of a corporate innovation project is funded by the Ministry of economy, labour and energy of the state of Brandenburg, with funds from the European social Fund.<\/p>\t\t\t\t\t\t<\/div>\n\t\t\t\t<\/div>\n\t\t\t\t\t<\/div>\n\t\t<\/div>\n\t\t\t\t\t\t\t<\/div>\n\t\t<\/section>\n\t\t\t\t<section class=\"elementor-section elementor-top-section elementor-element elementor-element-22ace3e elementor-section-boxed elementor-section-height-default elementor-section-height-default\" data-id=\"22ace3e\" data-element_type=\"section\" data-settings=\"{&quot;background_background&quot;:&quot;classic&quot;,&quot;_ha_eqh_enable&quot;:false}\">\n\t\t\t\t\t\t<div class=\"elementor-container elementor-column-gap-default\">\n\t\t\t\t\t<div class=\"elementor-column elementor-col-50 elementor-top-column elementor-element elementor-element-d050140\" data-id=\"d050140\" data-element_type=\"column\">\n\t\t\t<div class=\"elementor-widget-wrap elementor-element-populated\">\n\t\t\t\t\t\t\t\t<div class=\"elementor-element elementor-element-55a7b09 elementor-widget elementor-widget-image\" data-id=\"55a7b09\" data-element_type=\"widget\" data-widget_type=\"image.default\">\n\t\t\t\t<div class=\"elementor-widget-container\">\n\t\t\t\t\t\t\t\t\t\t\t\t\t\t\t<img decoding=\"async\" loading=\"lazy\" width=\"300\" height=\"315\" src=\"https:\/\/aynaanalytics.com\/wp-content\/uploads\/2022\/10\/BB_logo.jpg\" class=\"attachment-large size-large wp-image-3882\" alt=\"\" srcset=\"https:\/\/aynaanalytics.com\/wp-content\/uploads\/2022\/10\/BB_logo.jpg 300w, https:\/\/aynaanalytics.com\/wp-content\/uploads\/2022\/10\/BB_logo-286x300.jpg 286w, https:\/\/aynaanalytics.com\/wp-content\/uploads\/2022\/10\/BB_logo-11x12.jpg 11w\" sizes=\"(max-width: 300px) 100vw, 300px\" \/>\t\t\t\t\t\t\t\t\t\t\t\t\t\t\t<\/div>\n\t\t\t\t<\/div>\n\t\t\t\t\t<\/div>\n\t\t<\/div>\n\t\t\t\t<div class=\"elementor-column elementor-col-50 elementor-top-column elementor-element elementor-element-a5b6681\" data-id=\"a5b6681\" data-element_type=\"column\">\n\t\t\t<div class=\"elementor-widget-wrap elementor-element-populated\">\n\t\t\t\t\t\t\t\t<div class=\"elementor-element elementor-element-c20accb elementor-widget elementor-widget-image\" data-id=\"c20accb\" data-element_type=\"widget\" data-widget_type=\"image.default\">\n\t\t\t\t<div class=\"elementor-widget-container\">\n\t\t\t\t\t\t\t\t\t\t\t\t\t\t\t<img decoding=\"async\" loading=\"lazy\" width=\"1024\" height=\"265\" src=\"https:\/\/aynaanalytics.com\/wp-content\/uploads\/2022\/10\/EU-Logo-1024x265.jpeg\" class=\"attachment-large size-large wp-image-3890\" alt=\"\" srcset=\"https:\/\/aynaanalytics.com\/wp-content\/uploads\/2022\/10\/EU-Logo-1024x265.jpeg 1024w, https:\/\/aynaanalytics.com\/wp-content\/uploads\/2022\/10\/EU-Logo-300x78.jpeg 300w, https:\/\/aynaanalytics.com\/wp-content\/uploads\/2022\/10\/EU-Logo-768x199.jpeg 768w, https:\/\/aynaanalytics.com\/wp-content\/uploads\/2022\/10\/EU-Logo-1536x398.jpeg 1536w, https:\/\/aynaanalytics.com\/wp-content\/uploads\/2022\/10\/EU-Logo-2048x531.jpeg 2048w, https:\/\/aynaanalytics.com\/wp-content\/uploads\/2022\/10\/EU-Logo-18x5.jpeg 18w\" sizes=\"(max-width: 1024px) 100vw, 1024px\" \/>\t\t\t\t\t\t\t\t\t\t\t\t\t\t\t<\/div>\n\t\t\t\t<\/div>\n\t\t\t\t\t<\/div>\n\t\t<\/div>\n\t\t\t\t\t\t\t<\/div>\n\t\t<\/section>\n\t\t\t\t\t\t\t<\/div>","protected":false},"excerpt":{"rendered":"<p>Die Ayna Analytics GmbH f\u00fchrt im Rahmen des F\u00f6rderprogramms Brandenburger Innovationsfachkr\u00e4fte folgende Ma\u00dfnahme durch: Projektziel: Besch\u00e4ftigung einer Werkstudierenden im Rahmen eines betrieblichen Innovationsprojektes zum Thema: \u201eEntwicklung eines Verfahrens zur Gehaltsbestimmung von Coffein in fl\u00fcssigen Zubereitungen\u201c. Projektergebnis: \u00dcber die Projektergebnisse wird nach Abschluss der Ma\u00dfnahme informiert. Finanzielle Unterst\u00fctzung: Die Besch\u00e4ftigung einer Werkstudierenden im Rahmen eines betrieblichen &hellip;<\/p>\n<p class=\"read-more\"> <a class=\"\" href=\"https:\/\/aynaanalytics.com\/en\/foerderung\/\"> <span class=\"screen-reader-text\">Sponsorship<\/span> Read More &raquo;<\/a><\/p>","protected":false},"author":1,"featured_media":0,"parent":0,"menu_order":0,"comment_status":"closed","ping_status":"closed","template":"","meta":{"site-sidebar-layout":"no-sidebar","site-content-layout":"page-builder","ast-global-header-display":"","ast-banner-title-visibility":"","ast-main-header-display":"","ast-hfb-above-header-display":"","ast-hfb-below-header-display":"","ast-hfb-mobile-header-display":"","site-post-title":"disabled","ast-breadcrumbs-content":"","ast-featured-img":"disabled","footer-sml-layout":"","theme-transparent-header-meta":"","adv-header-id-meta":"","stick-header-meta":"","header-above-stick-meta":"","header-main-stick-meta":"","header-below-stick-meta":"","footnotes":""},"yoast_head":"<!-- This site is optimized with the Yoast SEO plugin v21.3 - https:\/\/yoast.com\/wordpress\/plugins\/seo\/ -->\n<title>F\u00f6rderung - Ayna Analytics<\/title>\n<meta name=\"robots\" content=\"index, follow, max-snippet:-1, max-image-preview:large, max-video-preview:-1\" \/>\n<link rel=\"canonical\" href=\"https:\/\/aynaanalytics.com\/en\/foerderung\/\" \/>\n<meta property=\"og:locale\" content=\"en_GB\" \/>\n<meta property=\"og:type\" content=\"article\" \/>\n<meta property=\"og:title\" content=\"F\u00f6rderung - Ayna Analytics\" \/>\n<meta property=\"og:description\" content=\"Die Ayna Analytics GmbH f\u00fchrt im Rahmen des F\u00f6rderprogramms Brandenburger Innovationsfachkr\u00e4fte folgende Ma\u00dfnahme durch: Projektziel: Besch\u00e4ftigung einer Werkstudierenden im Rahmen eines betrieblichen Innovationsprojektes zum Thema: \u201eEntwicklung eines Verfahrens zur Gehaltsbestimmung von Coffein in fl\u00fcssigen Zubereitungen\u201c. Projektergebnis: \u00dcber die Projektergebnisse wird nach Abschluss der Ma\u00dfnahme informiert. Finanzielle Unterst\u00fctzung: Die Besch\u00e4ftigung einer Werkstudierenden im Rahmen eines betrieblichen &hellip; F\u00f6rderung Read More &raquo;\" \/>\n<meta property=\"og:url\" content=\"https:\/\/aynaanalytics.com\/en\/foerderung\/\" \/>\n<meta property=\"og:site_name\" content=\"Ayna Analytics\" \/>\n<meta property=\"article:modified_time\" content=\"2023-05-27T09:01:12+00:00\" \/>\n<meta property=\"og:image\" content=\"https:\/\/aynaanalytics.com\/wp-content\/uploads\/2023\/05\/INVEST_Logo_URL_rote_URL_RZ-1.png\" \/>\n<meta name=\"twitter:card\" content=\"summary_large_image\" \/>\n<meta name=\"twitter:label1\" content=\"Estimated reading time\" \/>\n\t<meta name=\"twitter:data1\" content=\"1 minute\" \/>\n<script type=\"application\/ld+json\" class=\"yoast-schema-graph\">{\"@context\":\"https:\/\/schema.org\",\"@graph\":[{\"@type\":\"WebPage\",\"@id\":\"https:\/\/aynaanalytics.com\/foerderung\/\",\"url\":\"https:\/\/aynaanalytics.com\/foerderung\/\",\"name\":\"F\u00f6rderung - Ayna Analytics\",\"isPartOf\":{\"@id\":\"https:\/\/aynaanalytics.com\/#website\"},\"datePublished\":\"2022-10-16T19:03:54+00:00\",\"dateModified\":\"2023-05-27T09:01:12+00:00\",\"breadcrumb\":{\"@id\":\"https:\/\/aynaanalytics.com\/foerderung\/#breadcrumb\"},\"inLanguage\":\"en-GB\",\"potentialAction\":[{\"@type\":\"ReadAction\",\"target\":[\"https:\/\/aynaanalytics.com\/foerderung\/\"]}]},{\"@type\":\"BreadcrumbList\",\"@id\":\"https:\/\/aynaanalytics.com\/foerderung\/#breadcrumb\",\"itemListElement\":[{\"@type\":\"ListItem\",\"position\":1,\"name\":\"Home\",\"item\":\"https:\/\/aynaanalytics.com\/\"},{\"@type\":\"ListItem\",\"position\":2,\"name\":\"F\u00f6rderung\"}]},{\"@type\":\"WebSite\",\"@id\":\"https:\/\/aynaanalytics.com\/#website\",\"url\":\"https:\/\/aynaanalytics.com\/\",\"name\":\"Ayna Analytics\",\"description\":\"\",\"potentialAction\":[{\"@type\":\"SearchAction\",\"target\":{\"@type\":\"EntryPoint\",\"urlTemplate\":\"https:\/\/aynaanalytics.com\/?s={search_term_string}\"},\"query-input\":\"required name=search_term_string\"}],\"inLanguage\":\"en-GB\"}]}<\/script>\n<!-- \/ Yoast SEO plugin. -->","yoast_head_json":{"title":"F\u00f6rderung - Ayna Analytics","robots":{"index":"index","follow":"follow","max-snippet":"max-snippet:-1","max-image-preview":"max-image-preview:large","max-video-preview":"max-video-preview:-1"},"canonical":"https:\/\/aynaanalytics.com\/en\/foerderung\/","og_locale":"en_GB","og_type":"article","og_title":"F\u00f6rderung - Ayna Analytics","og_description":"Die Ayna Analytics GmbH f\u00fchrt im Rahmen des F\u00f6rderprogramms Brandenburger Innovationsfachkr\u00e4fte folgende Ma\u00dfnahme durch: Projektziel: Besch\u00e4ftigung einer Werkstudierenden im Rahmen eines betrieblichen Innovationsprojektes zum Thema: \u201eEntwicklung eines Verfahrens zur Gehaltsbestimmung von Coffein in fl\u00fcssigen Zubereitungen\u201c. Projektergebnis: \u00dcber die Projektergebnisse wird nach Abschluss der Ma\u00dfnahme informiert. Finanzielle Unterst\u00fctzung: Die Besch\u00e4ftigung einer Werkstudierenden im Rahmen eines betrieblichen &hellip; F\u00f6rderung Read More &raquo;","og_url":"https:\/\/aynaanalytics.com\/en\/foerderung\/","og_site_name":"Ayna Analytics","article_modified_time":"2023-05-27T09:01:12+00:00","og_image":[{"url":"https:\/\/aynaanalytics.com\/wp-content\/uploads\/2023\/05\/INVEST_Logo_URL_rote_URL_RZ-1.png"}],"twitter_card":"summary_large_image","twitter_misc":{"Estimated reading time":"1 minute"},"schema":{"@context":"https:\/\/schema.org","@graph":[{"@type":"WebPage","@id":"https:\/\/aynaanalytics.com\/foerderung\/","url":"https:\/\/aynaanalytics.com\/foerderung\/","name":"F\u00f6rderung - Ayna Analytics","isPartOf":{"@id":"https:\/\/aynaanalytics.com\/#website"},"datePublished":"2022-10-16T19:03:54+00:00","dateModified":"2023-05-27T09:01:12+00:00","breadcrumb":{"@id":"https:\/\/aynaanalytics.com\/foerderung\/#breadcrumb"},"inLanguage":"en-GB","potentialAction":[{"@type":"ReadAction","target":["https:\/\/aynaanalytics.com\/foerderung\/"]}]},{"@type":"BreadcrumbList","@id":"https:\/\/aynaanalytics.com\/foerderung\/#breadcrumb","itemListElement":[{"@type":"ListItem","position":1,"name":"Home","item":"https:\/\/aynaanalytics.com\/"},{"@type":"ListItem","position":2,"name":"F\u00f6rderung"}]},{"@type":"WebSite","@id":"https:\/\/aynaanalytics.com\/#website","url":"https:\/\/aynaanalytics.com\/","name":"Ayna Analytics","description":"","potentialAction":[{"@type":"SearchAction","target":{"@type":"EntryPoint","urlTemplate":"https:\/\/aynaanalytics.com\/?s={search_term_string}"},"query-input":"required name=search_term_string"}],"inLanguage":"en-GB"}]}},"_links":{"self":[{"href":"https:\/\/aynaanalytics.com\/en\/wp-json\/wp\/v2\/pages\/3901"}],"collection":[{"href":"https:\/\/aynaanalytics.com\/en\/wp-json\/wp\/v2\/pages"}],"about":[{"href":"https:\/\/aynaanalytics.com\/en\/wp-json\/wp\/v2\/types\/page"}],"author":[{"embeddable":true,"href":"https:\/\/aynaanalytics.com\/en\/wp-json\/wp\/v2\/users\/1"}],"replies":[{"embeddable":true,"href":"https:\/\/aynaanalytics.com\/en\/wp-json\/wp\/v2\/comments?post=3901"}],"version-history":[{"count":35,"href":"https:\/\/aynaanalytics.com\/en\/wp-json\/wp\/v2\/pages\/3901\/revisions"}],"predecessor-version":[{"id":4050,"href":"https:\/\/aynaanalytics.com\/en\/wp-json\/wp\/v2\/pages\/3901\/revisions\/4050"}],"wp:attachment":[{"href":"https:\/\/aynaanalytics.com\/en\/wp-json\/wp\/v2\/media?parent=3901"}],"curies":[{"name":"wp","href":"https:\/\/api.w.org\/{rel}","templated":true}]}}